{"id":22763,"date":"2020-12-06T23:54:27","date_gmt":"2020-12-06T23:54:27","guid":{"rendered":"https:\/\/react2020.publishing.comet.technology\/tecnologia\/"},"modified":"2021-01-21T19:48:02","modified_gmt":"2021-01-21T19:48:02","slug":"tecnologia","status":"publish","type":"page","link":"https:\/\/react2020.eu\/it\/tecnologia\/","title":{"rendered":"Tecnologia"},"content":{"rendered":"\t\t<div data-elementor-type=\"wp-page\" data-elementor-id=\"22763\" class=\"elementor elementor-22763 elementor-141\" data-elementor-post-type=\"page\">\n\t\t\t\t\t\t<section class=\"elementor-section elementor-top-section elementor-element elementor-element-fa8936f elementor-section-boxed elementor-section-height-default elementor-section-height-default\" data-id=\"fa8936f\" data-element_type=\"section\" data-e-type=\"section\" data-settings=\"{&quot;background_background&quot;:&quot;classic&quot;}\">\n\t\t\t\t\t\t<div class=\"elementor-container elementor-column-gap-default\">\n\t\t\t\t\t<div class=\"elementor-column elementor-col-100 elementor-top-column elementor-element elementor-element-414d821\" data-id=\"414d821\" data-element_type=\"column\" data-e-type=\"column\" data-settings=\"{&quot;background_background&quot;:&quot;classic&quot;}\">\n\t\t\t<div class=\"elementor-widget-wrap elementor-element-populated\">\n\t\t\t\t\t\t<div class=\"elementor-element elementor-element-dcc0fee elementor-widget elementor-widget-heading\" data-id=\"dcc0fee\" data-element_type=\"widget\" data-e-type=\"widget\" data-widget_type=\"heading.default\">\n\t\t\t\t<div class=\"elementor-widget-container\">\n\t\t\t\t\t<h2 class=\"elementor-heading-title elementor-size-default\">Una smart grid integrata e digitalizzata<\/h2>\t\t\t\t<\/div>\n\t\t\t\t<\/div>\n\t\t\t\t<div class=\"elementor-element elementor-element-cf2b853 elementor-widget elementor-widget-text-editor\" data-id=\"cf2b853\" data-element_type=\"widget\" data-e-type=\"widget\" data-widget_type=\"text-editor.default\">\n\t\t\t\t<div class=\"elementor-widget-container\">\n\t\t\t\t\t\t\t\t\t<p>Una soluzione ICT basata su cloud che integra tecnologie di generazione distribuita ad alta flessibilit\u00e0, demand-response e stoccaggio dell&#8217;energia per fornire un&#8217;autonomia energetica potenziale del 100%.<\/p>\n\t\t\t\t\t\t\t\t<\/div>\n\t\t\t\t<\/div>\n\t\t\t\t<div class=\"elementor-element elementor-element-24a711e elementor-widget elementor-widget-text-editor\" data-id=\"24a711e\" data-element_type=\"widget\" data-e-type=\"widget\" data-widget_type=\"text-editor.default\">\n\t\t\t\t<div class=\"elementor-widget-container\">\n\t\t\t\t\t\t\t\t\t<p>REACT integrer\u00e0 le conoscenze acquisite dalle precedenti attivit\u00e0 di ricerca e sviluppo con le tecnologie disponibili in commercio per formare una soluzione efficace che ridurr\u00e0 le emissioni di gas serra, si adatter\u00e0 alle diverse esigenze energetiche e sar\u00e0 facilmente replicabile in tutte le comunit\u00e0 insulari dell&#8217;UE.<\/p>\n\t\t\t\t\t\t\t\t<\/div>\n\t\t\t\t<\/div>\n\t\t\t\t\t<\/div>\n\t\t<\/div>\n\t\t\t\t\t<\/div>\n\t\t<\/section>\n\t\t\t\t<section class=\"elementor-section elementor-top-section elementor-element elementor-element-3d4fbb6 elementor-section-boxed elementor-section-height-default elementor-section-height-default\" data-id=\"3d4fbb6\" data-element_type=\"section\" data-e-type=\"section\" data-settings=\"{&quot;background_background&quot;:&quot;classic&quot;}\">\n\t\t\t\t\t\t<div class=\"elementor-container elementor-column-gap-default\">\n\t\t\t\t\t<div class=\"elementor-column elementor-col-50 elementor-top-column elementor-element elementor-element-6c1beda\" data-id=\"6c1beda\" data-element_type=\"column\" data-e-type=\"column\">\n\t\t\t<div class=\"elementor-widget-wrap elementor-element-populated\">\n\t\t\t\t\t\t<div class=\"elementor-element elementor-element-224034b elementor-widget elementor-widget-heading\" data-id=\"224034b\" data-element_type=\"widget\" data-e-type=\"widget\" data-widget_type=\"heading.default\">\n\t\t\t\t<div class=\"elementor-widget-container\">\n\t\t\t\t\t<h2 class=\"elementor-heading-title elementor-size-default\">Tecnologie Avanzate e Innovative<\/h2>\t\t\t\t<\/div>\n\t\t\t\t<\/div>\n\t\t\t\t<div class=\"elementor-element elementor-element-5db2def elementor-widget elementor-widget-text-editor\" data-id=\"5db2def\" data-element_type=\"widget\" data-e-type=\"widget\" data-widget_type=\"text-editor.default\">\n\t\t\t\t<div class=\"elementor-widget-container\">\n\t\t\t\t\t\t\t\t\t<p>&#8211; Un approccio olistico per azioni mirate di controllo del dispacciamento di energia (automatizzate e manuali)<\/p>\n<p>&#8211; Piattaforma DR per la gestione della flessibilit\u00e0 a livello di comunit\u00e0 (automatizzata e manuale)<\/p>\n<p>&#8211; Strumenti di valutazione delle risorse a FER combinati con metodi di analisi decisionale multi-criterio (MCDA) per lo sviluppo energetico regionale integrato per fornire una selezione e un dimensionamento ottimale delle tecnologie FER.<\/p>\n<p>&#8211; Informazioni sulla generazione in tempo reale e previsione del carico per un bilanciamento ottimale della rete<\/p>\n<p>&#8211; Accumulo di energia: Impiego di batterie agli ioni di litio e alluminio-carbonio ad alta capacit\u00e0 e a basso impatto ambientale, nonch\u00e9 di batterie al piombo-acido convenzionali ventilate e regolate da valvole e soluzioni per produrre gas dall&#8217;elettricit\u00e0.<\/p>\n<p>&#8211; Pompe di calore innovative e sistemi fotovoltaici da gestire a livello di comunit\u00e0<\/p>\n<p>&#8211; Monitoraggio migliorato del funzionamento della rete per identificare e localizzare guasti in uno scenario di elevata penetrazione intermittente di energia da fonti rinnovabili e di stoccaggio nella rete energetica dell&#8217;isola.<\/p>\n\t\t\t\t\t\t\t\t<\/div>\n\t\t\t\t<\/div>\n\t\t\t\t<div class=\"elementor-element elementor-element-0cd7957 elementor-widget elementor-widget-image\" data-id=\"0cd7957\" data-element_type=\"widget\" data-e-type=\"widget\" data-widget_type=\"image.default\">\n\t\t\t\t<div class=\"elementor-widget-container\">\n\t\t\t\t\t\t\t\t\t\t\t\t\t\t\t<img fetchpriority=\"high\" decoding=\"async\" width=\"512\" height=\"512\" src=\"https:\/\/react2020.eu\/wp-content\/uploads\/sites\/5\/2020\/07\/renewable-energy.png\" class=\"attachment-large size-large wp-image-22986\" alt=\"\" srcset=\"https:\/\/react2020.eu\/wp-content\/uploads\/sites\/5\/2020\/07\/renewable-energy.png 512w, https:\/\/react2020.eu\/wp-content\/uploads\/sites\/5\/2020\/07\/renewable-energy-300x300.png 300w, https:\/\/react2020.eu\/wp-content\/uploads\/sites\/5\/2020\/07\/renewable-energy-150x150.png 150w\" sizes=\"(max-width: 512px) 100vw, 512px\" \/>\t\t\t\t\t\t\t\t\t\t\t\t\t\t\t<\/div>\n\t\t\t\t<\/div>\n\t\t\t\t\t<\/div>\n\t\t<\/div>\n\t\t\t\t<div class=\"elementor-column elementor-col-50 elementor-top-column elementor-element elementor-element-0966994\" data-id=\"0966994\" data-element_type=\"column\" data-e-type=\"column\">\n\t\t\t<div class=\"elementor-widget-wrap elementor-element-populated\">\n\t\t\t\t\t\t<div class=\"elementor-element elementor-element-d686e96 elementor-widget elementor-widget-heading\" data-id=\"d686e96\" data-element_type=\"widget\" data-e-type=\"widget\" data-widget_type=\"heading.default\">\n\t\t\t\t<div class=\"elementor-widget-container\">\n\t\t\t\t\t<h2 class=\"elementor-heading-title elementor-size-default\">Integrazione tecnologica<\/h2>\t\t\t\t<\/div>\n\t\t\t\t<\/div>\n\t\t\t\t<div class=\"elementor-element elementor-element-ac508b3 elementor-widget elementor-widget-text-editor\" data-id=\"ac508b3\" data-element_type=\"widget\" data-e-type=\"widget\" data-widget_type=\"text-editor.default\">\n\t\t\t\t<div class=\"elementor-widget-container\">\n\t\t\t\t\t\t\t\t\t<p>La piattaforma cloud-based REACT permetter\u00e0 una facile integrazione con le infrastrutture basate su FER e sistemi di stoccaggio, utilizzando una strategia olistica di pianificazione, controllo e monitoraggio che massimizza lo sfruttamento delle energie rinnovabili.<\/p>\n<p>&#8211; Test di laboratorio hardware-in-the-loop (HiL) per eseguire analisi e valutazioni in condizioni prossime a quelle reali prima dell&#8217;effettivo impiego.<\/p>\n<p>&#8211; Un algoritmo di ottimizzazione dell&#8217;energia integrativo che combina l&#8217;ottimizzazione in tempo reale sia dell&#8217;offerta da fonti di energie miste che della domanda di energia dell&#8217;infrastruttura energetica a livello di singola abitazione, di edificio o di distretto.<\/p>\n\t\t\t\t\t\t\t\t<\/div>\n\t\t\t\t<\/div>\n\t\t\t\t<div class=\"elementor-element elementor-element-1b02528 elementor-widget elementor-widget-heading\" data-id=\"1b02528\" data-element_type=\"widget\" data-e-type=\"widget\" data-widget_type=\"heading.default\">\n\t\t\t\t<div class=\"elementor-widget-container\">\n\t\t\t\t\t<h2 class=\"elementor-heading-title elementor-size-default\">Nuove sinergie<\/h2>\t\t\t\t<\/div>\n\t\t\t\t<\/div>\n\t\t\t\t<div class=\"elementor-element elementor-element-a895efa elementor-widget elementor-widget-text-editor\" data-id=\"a895efa\" data-element_type=\"widget\" data-e-type=\"widget\" data-widget_type=\"text-editor.default\">\n\t\t\t\t<div class=\"elementor-widget-container\">\n\t\t\t\t\t\t\t\t\t<p>REACT utilizzer\u00e0 risorse tecnologiche reali combinate con l&#8217;esperienza dei partner nella modellazione computazionale e nella simulazione di sistemi fisici per tenere conto delle reti esistenti nei siti demo. Si prester\u00e0 attenzione all&#8217;interazione con le stazioni di ricarica EV, che stanno diventando comuni nelle piccole e medie isole. Inoltre, sar\u00e0 preso in considerazione l&#8217;utilizzo della desalinizzazione dell&#8217;acqua come forma di accumulo di energia e l&#8217;integrazione con la rete idrica.<\/p>\n\t\t\t\t\t\t\t\t<\/div>\n\t\t\t\t<\/div>\n\t\t\t\t<div class=\"elementor-element elementor-element-7d08046 elementor-widget elementor-widget-heading\" data-id=\"7d08046\" data-element_type=\"widget\" data-e-type=\"widget\" data-widget_type=\"heading.default\">\n\t\t\t\t<div class=\"elementor-widget-container\">\n\t\t\t\t\t<h2 class=\"elementor-heading-title elementor-size-default\">Partecipazione degli utenti e modelli di business<\/h2>\t\t\t\t<\/div>\n\t\t\t\t<\/div>\n\t\t\t\t<div class=\"elementor-element elementor-element-248dc3c elementor-widget elementor-widget-text-editor\" data-id=\"248dc3c\" data-element_type=\"widget\" data-e-type=\"widget\" data-widget_type=\"text-editor.default\">\n\t\t\t\t<div class=\"elementor-widget-container\">\n\t\t\t\t\t\t\t\t\t<p>REACT coinvolger\u00e0 i residenti dell&#8217;isola in attivit\u00e0 di riduzione e spostamento temporale della domanda di energia, aumentando la loro consapevolezza e permetteranno loro di diventare parte attiva della strategia cooperativa.<\/p>\n<p>&#8211; Modelli di business innovativi e piani per l&#8217;implementazione dei risultati del progetto saranno sviluppati e implementati per aumentare la penetrazione dei sistemi a FER, ridurre il consumo di combustibili fossili, consentire la replica su larga scala e aumentare l&#8217;autonomia delle isole, contribuendo al tempo stesso alla sicurezza energetica dell&#8217;Europa e aprendo la strada alle sfide normative e legali.<\/p>\n\t\t\t\t\t\t\t\t<\/div>\n\t\t\t\t<\/div>\n\t\t\t\t\t<\/div>\n\t\t<\/div>\n\t\t\t\t\t<\/div>\n\t\t<\/section>\n\t\t\t\t<section class=\"elementor-section elementor-top-section elementor-element elementor-element-9bf5ee8 elementor-section-full_width elementor-section-height-default elementor-section-height-default\" data-id=\"9bf5ee8\" data-element_type=\"section\" data-e-type=\"section\">\n\t\t\t\t\t\t<div class=\"elementor-container elementor-column-gap-default\">\n\t\t\t\t\t<div class=\"elementor-column elementor-col-100 elementor-top-column elementor-element elementor-element-dd29934\" data-id=\"dd29934\" data-element_type=\"column\" data-e-type=\"column\">\n\t\t\t<div class=\"elementor-widget-wrap elementor-element-populated\">\n\t\t\t\t\t\t<div class=\"elementor-element elementor-element-7f08115 elementor-widget elementor-widget-image\" data-id=\"7f08115\" data-element_type=\"widget\" data-e-type=\"widget\" data-widget_type=\"image.default\">\n\t\t\t\t<div class=\"elementor-widget-container\">\n\t\t\t\t\t\t\t\t\t\t\t\t\t\t\t<img decoding=\"async\" width=\"1920\" height=\"1080\" src=\"https:\/\/react2020.eu\/wp-content\/uploads\/sites\/5\/2021\/01\/React_technology_EN-1.jpg\" class=\"attachment-full size-full wp-image-23905\" alt=\"\" srcset=\"https:\/\/react2020.eu\/wp-content\/uploads\/sites\/5\/2021\/01\/React_technology_EN-1.jpg 1920w, https:\/\/react2020.eu\/wp-content\/uploads\/sites\/5\/2021\/01\/React_technology_EN-1-300x169.jpg 300w, https:\/\/react2020.eu\/wp-content\/uploads\/sites\/5\/2021\/01\/React_technology_EN-1-1024x576.jpg 1024w, https:\/\/react2020.eu\/wp-content\/uploads\/sites\/5\/2021\/01\/React_technology_EN-1-768x432.jpg 768w, https:\/\/react2020.eu\/wp-content\/uploads\/sites\/5\/2021\/01\/React_technology_EN-1-1536x864.jpg 1536w\" sizes=\"(max-width: 1920px) 100vw, 1920px\" \/>\t\t\t\t\t\t\t\t\t\t\t\t\t\t\t<\/div>\n\t\t\t\t<\/div>\n\t\t\t\t\t<\/div>\n\t\t<\/div>\n\t\t\t\t\t<\/div>\n\t\t<\/section>\n\t\t\t\t<\/div>\n\t\t","protected":false},"excerpt":{"rendered":"<p>Una smart grid integrata e digitalizzata Una soluzione ICT basata su cloud che integra tecnologie di generazione distribuita ad alta flessibilit\u00e0, demand-response e stoccaggio dell&#8217;energia per fornire un&#8217;autonomia energetica potenziale del 100%. REACT integrer\u00e0 le conoscenze acquisite dalle precedenti attivit\u00e0 di ricerca e sviluppo con le tecnologie disponibili in commercio per formare una soluzione efficace &#8230; <a title=\"Tecnologia\" class=\"read-more\" href=\"https:\/\/react2020.eu\/it\/tecnologia\/\" aria-label=\"Per saperne di pi\u00f9 su Tecnologia\">Leggi tutto<\/a><\/p>\n","protected":false},"author":1,"featured_media":0,"parent":0,"menu_order":0,"comment_status":"closed","ping_status":"closed","template":"elementor_header_footer","meta":{"inline_featured_image":false,"footnotes":""},"class_list":["post-22763","page","type-page","status-publish"],"yoast_head":"<!-- This site is optimized with the Yoast SEO plugin v27.5 - https:\/\/yoast.com\/product\/yoast-seo-wordpress\/ -->\n<title>Tecnologia - REACT 2020<\/title>\n<meta name=\"robots\" content=\"index, follow, max-snippet:-1, max-image-preview:large, max-video-preview:-1\" \/>\n<link rel=\"canonical\" href=\"https:\/\/react2020.eu\/it\/tecnologia\/\" \/>\n<meta property=\"og:locale\" content=\"it_IT\" \/>\n<meta property=\"og:type\" content=\"article\" \/>\n<meta property=\"og:title\" content=\"Tecnologia - REACT 2020\" \/>\n<meta property=\"og:description\" content=\"Una smart grid integrata e digitalizzata Una soluzione ICT basata su cloud che integra tecnologie di generazione distribuita ad alta flessibilit\u00e0, demand-response e stoccaggio dell&#8217;energia per fornire un&#8217;autonomia energetica potenziale del 100%. REACT integrer\u00e0 le conoscenze acquisite dalle precedenti attivit\u00e0 di ricerca e sviluppo con le tecnologie disponibili in commercio per formare una soluzione efficace ... Leggi tutto\" \/>\n<meta property=\"og:url\" content=\"https:\/\/react2020.eu\/it\/tecnologia\/\" \/>\n<meta property=\"og:site_name\" content=\"REACT 2020\" \/>\n<meta property=\"article:modified_time\" content=\"2021-01-21T19:48:02+00:00\" \/>\n<meta property=\"og:image\" content=\"https:\/\/react2020.eu\/wp-content\/uploads\/sites\/5\/2020\/07\/renewable-energy.png\" \/>\n<meta name=\"twitter:card\" content=\"summary_large_image\" \/>\n<meta name=\"twitter:label1\" content=\"Tempo di lettura stimato\" \/>\n\t<meta name=\"twitter:data1\" content=\"3 minuti\" \/>\n<script type=\"application\/ld+json\" class=\"yoast-schema-graph\">{\"@context\":\"https:\\\/\\\/schema.org\",\"@graph\":[{\"@type\":\"WebPage\",\"@id\":\"https:\\\/\\\/react2020.eu\\\/it\\\/tecnologia\\\/\",\"url\":\"https:\\\/\\\/react2020.eu\\\/it\\\/tecnologia\\\/\",\"name\":\"Tecnologia - REACT 2020\",\"isPartOf\":{\"@id\":\"https:\\\/\\\/react2020.eu\\\/#website\"},\"primaryImageOfPage\":{\"@id\":\"https:\\\/\\\/react2020.eu\\\/it\\\/tecnologia\\\/#primaryimage\"},\"image\":{\"@id\":\"https:\\\/\\\/react2020.eu\\\/it\\\/tecnologia\\\/#primaryimage\"},\"thumbnailUrl\":\"https:\\\/\\\/react2020.eu\\\/wp-content\\\/uploads\\\/sites\\\/5\\\/2020\\\/07\\\/renewable-energy.png\",\"datePublished\":\"2020-12-06T23:54:27+00:00\",\"dateModified\":\"2021-01-21T19:48:02+00:00\",\"breadcrumb\":{\"@id\":\"https:\\\/\\\/react2020.eu\\\/it\\\/tecnologia\\\/#breadcrumb\"},\"inLanguage\":\"it-IT\",\"potentialAction\":[{\"@type\":\"ReadAction\",\"target\":[\"https:\\\/\\\/react2020.eu\\\/it\\\/tecnologia\\\/\"]}]},{\"@type\":\"ImageObject\",\"inLanguage\":\"it-IT\",\"@id\":\"https:\\\/\\\/react2020.eu\\\/it\\\/tecnologia\\\/#primaryimage\",\"url\":\"https:\\\/\\\/react2020.eu\\\/wp-content\\\/uploads\\\/sites\\\/5\\\/2020\\\/07\\\/renewable-energy.png\",\"contentUrl\":\"https:\\\/\\\/react2020.eu\\\/wp-content\\\/uploads\\\/sites\\\/5\\\/2020\\\/07\\\/renewable-energy.png\"},{\"@type\":\"BreadcrumbList\",\"@id\":\"https:\\\/\\\/react2020.eu\\\/it\\\/tecnologia\\\/#breadcrumb\",\"itemListElement\":[{\"@type\":\"ListItem\",\"position\":1,\"name\":\"Portada\",\"item\":\"https:\\\/\\\/react2020.eu\\\/\"},{\"@type\":\"ListItem\",\"position\":2,\"name\":\"Tecnologia\"}]},{\"@type\":\"WebSite\",\"@id\":\"https:\\\/\\\/react2020.eu\\\/#website\",\"url\":\"https:\\\/\\\/react2020.eu\\\/\",\"name\":\"REACT 2020\",\"description\":\"REACT 2020 \u2013 Renewable Energy for Self-Sustainable Island Communties\",\"publisher\":{\"@id\":\"https:\\\/\\\/react2020.eu\\\/#organization\"},\"potentialAction\":[{\"@type\":\"SearchAction\",\"target\":{\"@type\":\"EntryPoint\",\"urlTemplate\":\"https:\\\/\\\/react2020.eu\\\/?s={search_term_string}\"},\"query-input\":{\"@type\":\"PropertyValueSpecification\",\"valueRequired\":true,\"valueName\":\"search_term_string\"}}],\"inLanguage\":\"it-IT\"},{\"@type\":\"Organization\",\"@id\":\"https:\\\/\\\/react2020.eu\\\/#organization\",\"name\":\"REACT 2020\",\"url\":\"https:\\\/\\\/react2020.eu\\\/\",\"logo\":{\"@type\":\"ImageObject\",\"inLanguage\":\"it-IT\",\"@id\":\"https:\\\/\\\/react2020.eu\\\/#\\\/schema\\\/logo\\\/image\\\/\",\"url\":\"https:\\\/\\\/react2020.eu\\\/wp-content\\\/uploads\\\/sites\\\/5\\\/2019\\\/07\\\/1.-REACT_Logo-horizontal_Color_RGB_2.png\",\"contentUrl\":\"https:\\\/\\\/react2020.eu\\\/wp-content\\\/uploads\\\/sites\\\/5\\\/2019\\\/07\\\/1.-REACT_Logo-horizontal_Color_RGB_2.png\",\"width\":1643,\"height\":419,\"caption\":\"REACT 2020\"},\"image\":{\"@id\":\"https:\\\/\\\/react2020.eu\\\/#\\\/schema\\\/logo\\\/image\\\/\"}}]}<\/script>\n<!-- \/ Yoast SEO plugin. -->","yoast_head_json":{"title":"Tecnologia - REACT 2020","robots":{"index":"index","follow":"follow","max-snippet":"max-snippet:-1","max-image-preview":"max-image-preview:large","max-video-preview":"max-video-preview:-1"},"canonical":"https:\/\/react2020.eu\/it\/tecnologia\/","og_locale":"it_IT","og_type":"article","og_title":"Tecnologia - REACT 2020","og_description":"Una smart grid integrata e digitalizzata Una soluzione ICT basata su cloud che integra tecnologie di generazione distribuita ad alta flessibilit\u00e0, demand-response e stoccaggio dell&#8217;energia per fornire un&#8217;autonomia energetica potenziale del 100%. REACT integrer\u00e0 le conoscenze acquisite dalle precedenti attivit\u00e0 di ricerca e sviluppo con le tecnologie disponibili in commercio per formare una soluzione efficace ... Leggi tutto","og_url":"https:\/\/react2020.eu\/it\/tecnologia\/","og_site_name":"REACT 2020","article_modified_time":"2021-01-21T19:48:02+00:00","og_image":[{"url":"https:\/\/react2020.eu\/wp-content\/uploads\/sites\/5\/2020\/07\/renewable-energy.png","type":"","width":"","height":""}],"twitter_card":"summary_large_image","twitter_misc":{"Tempo di lettura stimato":"3 minuti"},"schema":{"@context":"https:\/\/schema.org","@graph":[{"@type":"WebPage","@id":"https:\/\/react2020.eu\/it\/tecnologia\/","url":"https:\/\/react2020.eu\/it\/tecnologia\/","name":"Tecnologia - REACT 2020","isPartOf":{"@id":"https:\/\/react2020.eu\/#website"},"primaryImageOfPage":{"@id":"https:\/\/react2020.eu\/it\/tecnologia\/#primaryimage"},"image":{"@id":"https:\/\/react2020.eu\/it\/tecnologia\/#primaryimage"},"thumbnailUrl":"https:\/\/react2020.eu\/wp-content\/uploads\/sites\/5\/2020\/07\/renewable-energy.png","datePublished":"2020-12-06T23:54:27+00:00","dateModified":"2021-01-21T19:48:02+00:00","breadcrumb":{"@id":"https:\/\/react2020.eu\/it\/tecnologia\/#breadcrumb"},"inLanguage":"it-IT","potentialAction":[{"@type":"ReadAction","target":["https:\/\/react2020.eu\/it\/tecnologia\/"]}]},{"@type":"ImageObject","inLanguage":"it-IT","@id":"https:\/\/react2020.eu\/it\/tecnologia\/#primaryimage","url":"https:\/\/react2020.eu\/wp-content\/uploads\/sites\/5\/2020\/07\/renewable-energy.png","contentUrl":"https:\/\/react2020.eu\/wp-content\/uploads\/sites\/5\/2020\/07\/renewable-energy.png"},{"@type":"BreadcrumbList","@id":"https:\/\/react2020.eu\/it\/tecnologia\/#breadcrumb","itemListElement":[{"@type":"ListItem","position":1,"name":"Portada","item":"https:\/\/react2020.eu\/"},{"@type":"ListItem","position":2,"name":"Tecnologia"}]},{"@type":"WebSite","@id":"https:\/\/react2020.eu\/#website","url":"https:\/\/react2020.eu\/","name":"REACT 2020","description":"REACT 2020 \u2013 Renewable Energy for Self-Sustainable Island Communties","publisher":{"@id":"https:\/\/react2020.eu\/#organization"},"potentialAction":[{"@type":"SearchAction","target":{"@type":"EntryPoint","urlTemplate":"https:\/\/react2020.eu\/?s={search_term_string}"},"query-input":{"@type":"PropertyValueSpecification","valueRequired":true,"valueName":"search_term_string"}}],"inLanguage":"it-IT"},{"@type":"Organization","@id":"https:\/\/react2020.eu\/#organization","name":"REACT 2020","url":"https:\/\/react2020.eu\/","logo":{"@type":"ImageObject","inLanguage":"it-IT","@id":"https:\/\/react2020.eu\/#\/schema\/logo\/image\/","url":"https:\/\/react2020.eu\/wp-content\/uploads\/sites\/5\/2019\/07\/1.-REACT_Logo-horizontal_Color_RGB_2.png","contentUrl":"https:\/\/react2020.eu\/wp-content\/uploads\/sites\/5\/2019\/07\/1.-REACT_Logo-horizontal_Color_RGB_2.png","width":1643,"height":419,"caption":"REACT 2020"},"image":{"@id":"https:\/\/react2020.eu\/#\/schema\/logo\/image\/"}}]}},"_links":{"self":[{"href":"https:\/\/react2020.eu\/it\/wp-json\/wp\/v2\/pages\/22763","targetHints":{"allow":["GET"]}}],"collection":[{"href":"https:\/\/react2020.eu\/it\/wp-json\/wp\/v2\/pages"}],"about":[{"href":"https:\/\/react2020.eu\/it\/wp-json\/wp\/v2\/types\/page"}],"author":[{"embeddable":true,"href":"https:\/\/react2020.eu\/it\/wp-json\/wp\/v2\/users\/1"}],"replies":[{"embeddable":true,"href":"https:\/\/react2020.eu\/it\/wp-json\/wp\/v2\/comments?post=22763"}],"version-history":[{"count":0,"href":"https:\/\/react2020.eu\/it\/wp-json\/wp\/v2\/pages\/22763\/revisions"}],"wp:attachment":[{"href":"https:\/\/react2020.eu\/it\/wp-json\/wp\/v2\/media?parent=22763"}],"curies":[{"name":"wp","href":"https:\/\/api.w.org\/{rel}","templated":true}]}}