{"id":22801,"date":"2020-12-07T12:09:47","date_gmt":"2020-12-07T12:09:47","guid":{"rendered":"https:\/\/react2020.publishing.comet.technology\/tearmai-agus-coinniollacha\/"},"modified":"2021-01-17T17:03:46","modified_gmt":"2021-01-17T17:03:46","slug":"tearmai-agus-coinniollacha","status":"publish","type":"page","link":"https:\/\/react2020.eu\/ga\/tearmai-agus-coinniollacha\/","title":{"rendered":"T\u00e9arma\u00ed agus coinn\u00edollacha"},"content":{"rendered":"\t\t<div data-elementor-type=\"wp-page\" data-elementor-id=\"22801\" class=\"elementor elementor-22801 elementor-21517\" data-elementor-post-type=\"page\">\n\t\t\t\t\t\t<section class=\"elementor-section elementor-top-section elementor-element elementor-element-1fca0aa elementor-section-boxed elementor-section-height-default elementor-section-height-default\" data-id=\"1fca0aa\" data-element_type=\"section\" data-e-type=\"section\" data-settings=\"{&quot;background_background&quot;:&quot;classic&quot;}\">\n\t\t\t\t\t\t<div class=\"elementor-container elementor-column-gap-default\">\n\t\t\t\t\t<div class=\"elementor-column elementor-col-100 elementor-top-column elementor-element elementor-element-40b09e6\" data-id=\"40b09e6\" data-element_type=\"column\" data-e-type=\"column\">\n\t\t\t<div class=\"elementor-widget-wrap elementor-element-populated\">\n\t\t\t\t\t\t<div class=\"elementor-element elementor-element-4f61864 elementor-widget elementor-widget-heading\" data-id=\"4f61864\" data-element_type=\"widget\" data-e-type=\"widget\" data-widget_type=\"heading.default\">\n\t\t\t\t<div class=\"elementor-widget-container\">\n\t\t\t\t\t<h2 class=\"elementor-heading-title elementor-size-default\">T\u00e9arma\u00ed agus coinn\u00edollacha<\/h2>\t\t\t\t<\/div>\n\t\t\t\t<\/div>\n\t\t\t\t\t<\/div>\n\t\t<\/div>\n\t\t\t\t\t<\/div>\n\t\t<\/section>\n\t\t\t\t<section class=\"elementor-section elementor-top-section elementor-element elementor-element-9c2d904 elementor-section-boxed elementor-section-height-default elementor-section-height-default\" data-id=\"9c2d904\" data-element_type=\"section\" data-e-type=\"section\">\n\t\t\t\t\t\t<div class=\"elementor-container elementor-column-gap-default\">\n\t\t\t\t\t<div class=\"elementor-column elementor-col-100 elementor-top-column elementor-element elementor-element-13a3bb7\" data-id=\"13a3bb7\" data-element_type=\"column\" data-e-type=\"column\">\n\t\t\t<div class=\"elementor-widget-wrap elementor-element-populated\">\n\t\t\t\t\t\t<div class=\"elementor-element elementor-element-507b0b1 elementor-widget elementor-widget-text-editor\" data-id=\"507b0b1\" data-element_type=\"widget\" data-e-type=\"widget\" data-widget_type=\"text-editor.default\">\n\t\t\t\t<div class=\"elementor-widget-container\">\n\t\t\t\t\t\t\t\t\t<p>COMHAIRLE DL\u00cdTHI\u00daIL &#8211; COINN\u00cdOLLACHA GINEAR\u00c1LTA \u00daS\u00c1IDE<\/p>\n<p>Mionathraithe go deireanach: I\u00fail 2019<\/p>\n<ol>\n<li><strong>An RIALAITHEOIR a chur i l\u00e1thair agus a aithint <\/strong><\/li>\n<\/ol>\n<p>T\u00e1 an togra seo comhordaithe ag VEOLIA SERVEIS CATALUNYA SOCIEDAD ANONIMA UNIPERSONAL (VEO), (<a href=\"https:\/\/veolia.es\/\">https:\/\/veolia.es\/<\/a>) le hoifig cl\u00e1raithe i PLAZA DE EUROPA 5-7, L\u2019HOSPITALET DE LLOBREGAT 08908, sa Sp\u00e1inn, agus uimhir CBL: ESA58295031, ar a dtugtar, as seo amach, an RIALAITHEOIR.<\/p>\n<ol start=\"2\">\n<li><strong> Cur s\u00edos ar an ngn\u00edomha\u00edocht <\/strong><\/li>\n<\/ol>\n<p>Tr\u00edd an su\u00edomh gr\u00e9as\u00e1in seo, ba mhaith leis an RIALAITHEOIR t\u00fa a chur ar an eolas faoi ghn\u00edomha\u00edochta\u00ed agus sheirbh\u00eds\u00ed an togra REACT. F\u00e9adfaidh an RIALAITHEOIR, ag brath ar fhorbairt agus dul chun cinn na comhlachta\u00ed agus na hearn\u00e1la, a shu\u00edomh gr\u00e9as\u00e1in a leathn\u00fa chun seirbh\u00eds\u00ed, gn\u00edomha\u00edochta\u00ed n\u00f3 \u00e1bhar nua a \u00e1ireamh, d\u2019fhonn seirbh\u00eds\u00ed agus na seirbh\u00edse a shol\u00e1thra\u00edtear a fheabhs\u00fa. Chomh maith leis sin t\u00e1 an cumhacht ag an RIALAITHEOIR an t-\u00e1bhar, na seirbh\u00eds\u00ed n\u00f3 na gn\u00edomha\u00edochta\u00ed a cheal\u00fa, a mhodhn\u00fa, a ionad\u00fa n\u00f3 a shrianadh, go sainr\u00e1ite agus gan f\u00f3gra roimh r\u00e9 a thabhairt do na h\u00fas\u00e1ideoir\u00ed.<\/p>\n<p>M\u00e1 t\u00e1 aon cheist agat faoi na Coinn\u00edollacha Ginear\u00e1lta seo, d\u00e9an teagmh\u00e1il linn ag:\u00a0<a href=\"mailto:info@react2020.eu\">info@react2020.eu<\/a><\/p>\n<p>&nbsp;<\/p>\n<ol start=\"3\">\n<li><strong> Glacadh le Coinn\u00edollacha Ginear\u00e1lta agus \u00das\u00e1id an l\u00e1ithre\u00e1in ghr\u00e9as\u00e1in seo.<\/strong><\/li>\n<\/ol>\n<p>Riala\u00edtear \u00fas\u00e1id an l\u00e1ithre\u00e1in ghr\u00e9as\u00e1in seo leis na Coinn\u00edollacha \u00das\u00e1ide Ginear\u00e1lta (as seo amach, na COINN\u00cdOLLACHA GINEAR\u00c1LTA). L\u00e9igh iad go c\u00faramach led\u2019 thoil, mar tugann rochtain ar an su\u00edomh gr\u00e9as\u00e1in seo agus \u00fas\u00e1id a bhfuil ann le tuiscint go nglactar leo go hioml\u00e1n.<\/p>\n<p>T\u00e1 rochtain ar an su\u00edomh gr\u00e9as\u00e1in seo agus ar an t-eolas at\u00e1 anseo go hioml\u00e1n saor in aisce, gan a bheith claonta do costas an nasc teileaf\u00f3in agus na modhanna a \u00fas\u00e1idtear chun an nasc a bhun\u00fa.<\/p>\n<p>Ar an su\u00edomh gr\u00e9as\u00e1in seo, \u00e1fach, is f\u00e9idir leat a fh\u00e1il amach faoi na seirbh\u00eds\u00ed \u00e9ags\u00fala a chuirtear ar f\u00e1il tr\u00ed theagmh\u00e1il a dh\u00e9anamh leis an RIALAITHEOIR; a shol\u00e1thr\u00f3far de r\u00e9ir na gCoinn\u00edollacha Sonracha a comhaonta\u00edodh idir na p\u00e1irtithe (as seo amach, na COINN\u00cdOLLACHA SONRACHA).<\/p>\n<p>Cuirimid in i\u00fal duit, chun rochtain a fh\u00e1il ar an t-eolas ar an su\u00edomh gr\u00e9as\u00e1in, nach dteasta\u00edonn do chuid sonra\u00ed pearsanta uainn. Mar sin f\u00e9in, m\u00e1 dh\u00e9anann t\u00fa fiosr\u00fach\u00e1n ar l\u00edne n\u00f3 m\u00e1 dh\u00e9anann t\u00fa aon socruithe a bhaineann leis na seirbh\u00eds\u00ed a thairgtear n\u00f3 m\u00e1 iarrann t\u00fa aon cheann de na seirbh\u00eds\u00ed ar leith a thairgtear tr\u00edd an su\u00edomh gr\u00e9as\u00e1in, beidh s\u00e9 riachtanach do chuid sonra\u00ed pearsanta a bhaili\u00fa agus, sa ch\u00e1s seo, iarraimid ort chun \u00e1r bPOLASAITHE PR\u00cdOBH\u00c1IDEACHA (<a href=\"https:\/\/react2020.eu\/privacy-policy\/\">https:\/\/react2020.eu\/privacy-policy\/<\/a>) a l\u00e9amh go c\u00faramach, chun iad a thuiscint agus glacadh leis.<\/p>\n<p>Tr\u00ed ghlacadh leis an gconradh seo, dearbha\u00edonn t\u00fa:<\/p>\n<ol>\n<li>Go bhfuil t\u00fa in aois dl\u00ed agus \/ n\u00f3 go bhfuil s\u00e9 de chumas agat conradh a dh\u00e9anamh, de r\u00e9ir dhl\u00edthe conarthacha ginear\u00e1lta an St\u00e1it ina gc\u00f3na\u00edonn t\u00fa.<\/li>\n<\/ol>\n<p>b.An m\u00e9id a l\u00e9igh t\u00fa roimhe seo, a thuig agus a ghlac t\u00fa leis na COINN\u00cdOLLACHA GINEAR\u00c1LTA, na POLASAITHE PR\u00cdOBH\u00c1IDEACHA agus, m\u00e1s bainteach, na COINN\u00cdOLLACHA SONRACHA.<\/p>\n<p>&nbsp;<\/p>\n<ol start=\"4\">\n<li><strong> Athruithe ar na COINN\u00cdOLLACHA GINEAR\u00c1LTA<\/strong><\/li>\n<\/ol>\n<p>T\u00e1 an t-eolas ar an su\u00edomh gr\u00e9as\u00e1in seo agus na seirbh\u00eds\u00ed a thairgtear ag athr\u00fa i gc\u00f3na\u00ed agus \u00e1 bhforbairt chun an taith\u00ed agus an luach is fearr is f\u00e9idir a shol\u00e1thar.<\/p>\n<p>Nuair a athra\u00edtear rud \u00e9igin a thugann le tuiscint go n-athr\u00f3far na COINN\u00cdOLLACHA GINEAR\u00c1LTA, na COINN\u00cdOLLACHA SONRACHA agus \/ n\u00f3 na PHOLASAITHE PR\u00cdOBH\u00c1IDEACHA, d\u00e9anfar an t-athr\u00fa sin, agus foilseofar agus nuashonr\u00f3far \u00e9. D\u00e1 bhr\u00ed sin, moltar duit iad go l\u00e9ir a l\u00e9amh go tr\u00e9imhsi\u00fail agus \/ n\u00f3 thar aon rud eile, sula dtabharfaidh t\u00fa aon chonradh I chur gcr\u00edch.<\/p>\n<p>Beidh na COINN\u00cdOLLACHA GINEAR\u00c1LTA nuashonraithe, COINN\u00cdOLLACHA SONRACHA agus \/ n\u00f3 POLASAITHE PR\u00cdOBH\u00c1IDEACHA ar f\u00e1il ar an su\u00edomh gr\u00e9as\u00e1in seo i gc\u00f3na\u00ed.<\/p>\n<p>Glacfaidh \u00daS\u00c1IDEOIR an l\u00e1ithre\u00e1in ghr\u00e9as\u00e1in seo le hathruithe den s\u00f3rt sin \u00f3n n\u00f3im\u00e9ad a leanfaidh s\u00e9 \/ s\u00ed ag \u00fas\u00e1id an l\u00e1ithre\u00e1in ghr\u00e9as\u00e1in agus \/ n\u00f3 na seirbh\u00eds\u00ed a shol\u00e1thra\u00edtear.<\/p>\n<ol start=\"5\">\n<li><strong> Oibleag\u00e1id\u00ed riachtanacha an \u00daS\u00c1IDEOIR.<\/strong><\/li>\n<\/ol>\n<p>Ceangla\u00edtear ar gach \u00daS\u00c1IDEOIR, \u00f3n n\u00f3im\u00e9ad a thosa\u00edonn siad ag \u00fas\u00e1id an l\u00e1ithre\u00e1in ghr\u00e9as\u00e1in agus \/ n\u00f3 ar conradh aon cheann de na seirbh\u00eds\u00ed a thairgtear air, na hoibleag\u00e1id\u00ed riachtanacha seo a leanas a chomhl\u00edonadh i leith tr\u00ed\u00fa p\u00e1irtithe agus an RIALAITHEOIR:<\/p>\n<ol>\n<li>An su\u00edomh gr\u00e9as\u00e1in a \u00fas\u00e1id gan caingne m\u00eddhleathacha n\u00f3 neamhdhleathacha a thabh\u00fa, n\u00f3 caingne at\u00e1 contr\u00e1rtha d\u2019fhor\u00e1lacha na COINN\u00cdOLLACHA GINEAR\u00c1LTA, na POLASAITHE PR\u00cdOBH\u00c1IDEACHA agus, nuair is bainteach, na COINN\u00cdOLLACHA SONRACHA agus a nuashonraithe.<\/li>\n<li>Gan dam\u00e1iste, d\u00ed-chumas\u00fa, r\u00f3-ualach n\u00f3 dochar a dh\u00e9anamh don l\u00e1ithre\u00e1n gr\u00e9as\u00e1in n\u00f3 cosc a chur ar ghn\u00e1th-\u00fas\u00e1id n\u00f3 an taitneamh a baineann daoine as.<\/li>\n<li>Gan aon iarracht a dh\u00e9anamh leibh\u00e9il rochtana a sh\u00e1r\u00fa, sonra\u00ed a ionramh\u00e1il, sonra\u00ed n\u00f3 eolas at\u00e1 faoi chosaint maoine intleacht\u00fala n\u00f3 cearta dl\u00edthi\u00fala eile a mhacasamhl\u00fa, rochtain a fh\u00e1il ar r\u00e9ims\u00ed srianta de ch\u00f3rais r\u00edomhaireachta an RIALAITHEOIR n\u00f3 tr\u00ed\u00fa p\u00e1irtithe, cl\u00e1ir, v\u00edris n\u00f3 aon ghaireas eile a thabhairt isteach. a chuireann faoi deara n\u00f3 a d\u2019fh\u00e9adfadh athruithe a dh\u00e9anamh ar ch\u00f3ras r\u00edomhaireachta an RIALAITHEOIR n\u00f3 tr\u00ed\u00fa p\u00e1irtithe.<\/li>\n<li>Bheith eolach ar na ceangaltais theicni\u00fala agus dhl\u00edthi\u00fala is g\u00e1 chun rochtain cheart a fh\u00e1il ar an su\u00edomh gr\u00e9as\u00e1in seo agus, m\u00e1s bainteach, conraitheoireacht na dt\u00e1irg\u00ed agus \/ n\u00f3 na seirbh\u00eds\u00ed; a bhf\u00e9adfadh go n-\u00edosl\u00f3d\u00e1lfa\u00ed cl\u00e1ir \u00e1irithe r\u00edomhaire n\u00f3 eilimint\u00ed loighci\u00fala eile ar a bhfeist\u00ed r\u00edomhaire.<\/li>\n<li>Gan an t-\u00e1bhar a fhoils\u00edtear ar an su\u00edomh gr\u00e9as\u00e1in n\u00f3 aon chuid d\u00edobh a \u00fas\u00e1id, a nascadh, a nochtadh, a shannadh n\u00f3 a aistri\u00fa ar bhealach ar bith, n\u00f3 i bhfaisn\u00e9is an RIALAITHEOIR, gan \u00fadar\u00fa sainr\u00e1ite i scr\u00edbhinn roimh r\u00e9 \u00f3n RIALAITHEOIR.<\/li>\n<li>Gan dam\u00e1iste a dh\u00e9anamh d\u2019\u00edomh\u00e1 an RIALAITHEOIR ar bhealach ar bith, n\u00e1 aon ghn\u00edomha\u00edocht a dh\u00e9anamh n\u00f3 tr\u00e1cht ar bith a dh\u00e9anamh a d\u2019fh\u00e9adfadh dochar a dh\u00e9anamh d\u2019\u00edomh\u00e1 agus d\u2019ainm maith aon cheann de chomhph\u00e1irtithe an tionscadail.<\/li>\n<li>Le l\u00e9amh, tuiscint agus, m\u00e1 aonta\u00edonn t\u00fa, glacadh leis na COINN\u00cdOLLACHA GINEAR\u00c1LTA, an PHOLASAITHE PR\u00cdOBH\u00c1IDEACHA agus, m\u00e1s bainteach, na COINN\u00cdOLLACHA SONRACHA agus a nuashonraithe agus, go sonrach, NASC AGUS \/ N\u00d3 FIAN\u00c1IN an RIALAITHEOIR.<\/li>\n<\/ol>\n<p>&nbsp;<\/p>\n<ol start=\"6\">\n<li><strong> Maoin Intleacht\u00fail<\/strong><\/li>\n<\/ol>\n<p>T\u00e1 an l\u00e1ithre\u00e1n gr\u00e9as\u00e1in seo, a bhfuil ann agus a l\u00f3g\u00f3nna cosanta ag E.U. agus dl\u00edthe idirn\u00e1isi\u00fanta maoine intleacht\u00fala agus tionscla\u00edocha. At\u00e1irgeadh, d\u00e1ileadh, cumars\u00e1id, claochl\u00fa agus \/ n\u00f3 nochtadh poibl\u00ed agus, go ginear\u00e1lta, aon chine\u00e1l eile \u00fas\u00e1ide neamh\u00fadaraithe, ar aon bhealach, d\u2019\u00e1bhar uile an l\u00e1ithre\u00e1in ghr\u00e9as\u00e1in seo n\u00f3 cuid de, a dhearadh, a roghn\u00fa agus a chur i l\u00e1thair na n-\u00e1bhar at\u00e1 san \u00e1ireamh toirmisctear anseo; t\u00e1 an rud c\u00e9anna f\u00edor faoi na branda\u00ed agus na tr\u00e1dainmneacha at\u00e1 ar an su\u00edomh gr\u00e9as\u00e1in seo. N\u00ed fh\u00e9adfar caingne den s\u00f3rt sin a dh\u00e9anamh ach amh\u00e1in le h\u00fadar\u00fa sainr\u00e1ite i scr\u00edbhinn roimh r\u00e9 \u00f3n RIALAITHEOIR agus ar an gcoinn\u00edoll go nd\u00e9antar tagairt shoil\u00e9ir d\u2019\u00fain\u00e9ireacht an RIALAITHEOIR ar na cearta maoine intleacht\u00fala agus tionscla\u00edocha thuasluaite.<\/p>\n<p>Tr\u00ed \u00fas\u00e1id a bhaint as an su\u00edomh gr\u00e9as\u00e1in agus \/ n\u00f3 na seirbh\u00eds\u00ed a chonradh, n\u00ed fhaigheann an \u00daS\u00c1IDEOIR aon cheart ina leith, gan a bheith i dteideal iad a \u00fas\u00e1id de r\u00e9ir fhor\u00e1lacha na COINN\u00cdOLLACHA GINEAR\u00c1LTA seo agus \/ n\u00f3, m\u00e1s bainteach, na COINN\u00cdOLLACHA SONRACHA.<\/p>\n<p>Sa ch\u00e1s go mbraitheann t\u00fa f\u00e9in, an \u00daS\u00c1IDEOIR, aon ghn\u00edomha\u00edocht a d\u2019fh\u00e9adfadh s\u00e1r\u00fa a dh\u00e9anamh ar aon cheart maoine intleacht\u00fala n\u00f3 tionscla\u00edche n\u00f3 ar aon chine\u00e1l ceart eile, cuir sin in i\u00fal d\u00fainn tr\u00ed theachtaireacht a sheoladh chuig an seoladh r\u00edomhphoist seo a leanas: <a href=\"mailto:info@react2020.eu\">info@react2020.eu<\/a><\/p>\n\t\t\t\t\t\t\t\t<\/div>\n\t\t\t\t<\/div>\n\t\t\t\t\t<\/div>\n\t\t<\/div>\n\t\t\t\t\t<\/div>\n\t\t<\/section>\n\t\t\t\t<\/div>\n\t\t","protected":false},"excerpt":{"rendered":"<p>COMHAIRLE DL\u00cdTHI\u00daIL &#8211; COINN\u00cdOLLACHA GINEAR\u00c1LTA \u00daS\u00c1IDE Mionathraithe go deireanach: I\u00fail 2019 An RIALAITHEOIR a chur i l\u00e1thair agus a aithint T\u00e1 an togra seo comhordaithe ag VEOLIA SERVEIS CATALUNYA SOCIEDAD ANONIMA UNIPERSONAL (VEO), (https:\/\/veolia.es\/) le hoifig cl\u00e1raithe i PLAZA DE EUROPA 5-7, L\u2019HOSPITALET DE LLOBREGAT 08908, sa Sp\u00e1inn, agus uimhir CBL: ESA58295031, ar a dtugtar, &#8230; <a title=\"T\u00e9arma\u00ed agus coinn\u00edollacha\" class=\"read-more\" href=\"https:\/\/react2020.eu\/ga\/tearmai-agus-coinniollacha\/\" aria-label=\"Read more about T\u00e9arma\u00ed agus coinn\u00edollacha\">Read more<\/a><\/p>\n","protected":false},"author":1,"featured_media":0,"parent":0,"menu_order":0,"comment_status":"closed","ping_status":"closed","template":"elementor_header_footer","meta":{"inline_featured_image":false,"footnotes":""},"class_list":["post-22801","page","type-page","status-publish"],"yoast_head":"<!-- This site is optimized with the Yoast SEO plugin v27.5 - https:\/\/yoast.com\/product\/yoast-seo-wordpress\/ -->\n<title>T\u00e9arma\u00ed agus coinn\u00edollacha - REACT 2020<\/title>\n<meta name=\"robots\" content=\"index, follow, max-snippet:-1, max-image-preview:large, max-video-preview:-1\" \/>\n<link rel=\"canonical\" href=\"https:\/\/react2020.eu\/ga\/tearmai-agus-coinniollacha\/\" \/>\n<meta property=\"og:locale\" content=\"ga_IE\" \/>\n<meta property=\"og:type\" content=\"article\" \/>\n<meta property=\"og:title\" content=\"T\u00e9arma\u00ed agus coinn\u00edollacha - REACT 2020\" \/>\n<meta property=\"og:description\" content=\"COMHAIRLE DL\u00cdTHI\u00daIL &#8211; COINN\u00cdOLLACHA GINEAR\u00c1LTA \u00daS\u00c1IDE Mionathraithe go deireanach: I\u00fail 2019 An RIALAITHEOIR a chur i l\u00e1thair agus a aithint T\u00e1 an togra seo comhordaithe ag VEOLIA SERVEIS CATALUNYA SOCIEDAD ANONIMA UNIPERSONAL (VEO), (https:\/\/veolia.es\/) le hoifig cl\u00e1raithe i PLAZA DE EUROPA 5-7, L\u2019HOSPITALET DE LLOBREGAT 08908, sa Sp\u00e1inn, agus uimhir CBL: ESA58295031, ar a dtugtar, ... Read more\" \/>\n<meta property=\"og:url\" content=\"https:\/\/react2020.eu\/ga\/tearmai-agus-coinniollacha\/\" \/>\n<meta property=\"og:site_name\" content=\"REACT 2020\" \/>\n<meta property=\"article:modified_time\" content=\"2021-01-17T17:03:46+00:00\" \/>\n<meta name=\"twitter:card\" content=\"summary_large_image\" \/>\n<meta name=\"twitter:label1\" content=\"Est. reading time\" \/>\n\t<meta name=\"twitter:data1\" content=\"8 minutes\" \/>\n<script type=\"application\/ld+json\" class=\"yoast-schema-graph\">{\"@context\":\"https:\\\/\\\/schema.org\",\"@graph\":[{\"@type\":\"WebPage\",\"@id\":\"https:\\\/\\\/react2020.eu\\\/ga\\\/tearmai-agus-coinniollacha\\\/\",\"url\":\"https:\\\/\\\/react2020.eu\\\/ga\\\/tearmai-agus-coinniollacha\\\/\",\"name\":\"T\u00e9arma\u00ed agus coinn\u00edollacha - REACT 2020\",\"isPartOf\":{\"@id\":\"https:\\\/\\\/react2020.eu\\\/#website\"},\"datePublished\":\"2020-12-07T12:09:47+00:00\",\"dateModified\":\"2021-01-17T17:03:46+00:00\",\"breadcrumb\":{\"@id\":\"https:\\\/\\\/react2020.eu\\\/ga\\\/tearmai-agus-coinniollacha\\\/#breadcrumb\"},\"inLanguage\":\"ga-IE\",\"potentialAction\":[{\"@type\":\"ReadAction\",\"target\":[\"https:\\\/\\\/react2020.eu\\\/ga\\\/tearmai-agus-coinniollacha\\\/\"]}]},{\"@type\":\"BreadcrumbList\",\"@id\":\"https:\\\/\\\/react2020.eu\\\/ga\\\/tearmai-agus-coinniollacha\\\/#breadcrumb\",\"itemListElement\":[{\"@type\":\"ListItem\",\"position\":1,\"name\":\"Portada\",\"item\":\"https:\\\/\\\/react2020.eu\\\/\"},{\"@type\":\"ListItem\",\"position\":2,\"name\":\"T\u00e9arma\u00ed agus coinn\u00edollacha\"}]},{\"@type\":\"WebSite\",\"@id\":\"https:\\\/\\\/react2020.eu\\\/#website\",\"url\":\"https:\\\/\\\/react2020.eu\\\/\",\"name\":\"REACT 2020\",\"description\":\"REACT 2020 \u2013 Renewable Energy for Self-Sustainable Island Communties\",\"publisher\":{\"@id\":\"https:\\\/\\\/react2020.eu\\\/#organization\"},\"potentialAction\":[{\"@type\":\"SearchAction\",\"target\":{\"@type\":\"EntryPoint\",\"urlTemplate\":\"https:\\\/\\\/react2020.eu\\\/?s={search_term_string}\"},\"query-input\":{\"@type\":\"PropertyValueSpecification\",\"valueRequired\":true,\"valueName\":\"search_term_string\"}}],\"inLanguage\":\"ga-IE\"},{\"@type\":\"Organization\",\"@id\":\"https:\\\/\\\/react2020.eu\\\/#organization\",\"name\":\"REACT 2020\",\"url\":\"https:\\\/\\\/react2020.eu\\\/\",\"logo\":{\"@type\":\"ImageObject\",\"inLanguage\":\"ga-IE\",\"@id\":\"https:\\\/\\\/react2020.eu\\\/#\\\/schema\\\/logo\\\/image\\\/\",\"url\":\"https:\\\/\\\/react2020.eu\\\/wp-content\\\/uploads\\\/sites\\\/5\\\/2019\\\/07\\\/1.-REACT_Logo-horizontal_Color_RGB_2.png\",\"contentUrl\":\"https:\\\/\\\/react2020.eu\\\/wp-content\\\/uploads\\\/sites\\\/5\\\/2019\\\/07\\\/1.-REACT_Logo-horizontal_Color_RGB_2.png\",\"width\":1643,\"height\":419,\"caption\":\"REACT 2020\"},\"image\":{\"@id\":\"https:\\\/\\\/react2020.eu\\\/#\\\/schema\\\/logo\\\/image\\\/\"}}]}<\/script>\n<!-- \/ Yoast SEO plugin. -->","yoast_head_json":{"title":"T\u00e9arma\u00ed agus coinn\u00edollacha - REACT 2020","robots":{"index":"index","follow":"follow","max-snippet":"max-snippet:-1","max-image-preview":"max-image-preview:large","max-video-preview":"max-video-preview:-1"},"canonical":"https:\/\/react2020.eu\/ga\/tearmai-agus-coinniollacha\/","og_locale":"ga_IE","og_type":"article","og_title":"T\u00e9arma\u00ed agus coinn\u00edollacha - REACT 2020","og_description":"COMHAIRLE DL\u00cdTHI\u00daIL &#8211; COINN\u00cdOLLACHA GINEAR\u00c1LTA \u00daS\u00c1IDE Mionathraithe go deireanach: I\u00fail 2019 An RIALAITHEOIR a chur i l\u00e1thair agus a aithint T\u00e1 an togra seo comhordaithe ag VEOLIA SERVEIS CATALUNYA SOCIEDAD ANONIMA UNIPERSONAL (VEO), (https:\/\/veolia.es\/) le hoifig cl\u00e1raithe i PLAZA DE EUROPA 5-7, L\u2019HOSPITALET DE LLOBREGAT 08908, sa Sp\u00e1inn, agus uimhir CBL: ESA58295031, ar a dtugtar, ... Read more","og_url":"https:\/\/react2020.eu\/ga\/tearmai-agus-coinniollacha\/","og_site_name":"REACT 2020","article_modified_time":"2021-01-17T17:03:46+00:00","twitter_card":"summary_large_image","twitter_misc":{"Est. reading time":"8 minutes"},"schema":{"@context":"https:\/\/schema.org","@graph":[{"@type":"WebPage","@id":"https:\/\/react2020.eu\/ga\/tearmai-agus-coinniollacha\/","url":"https:\/\/react2020.eu\/ga\/tearmai-agus-coinniollacha\/","name":"T\u00e9arma\u00ed agus coinn\u00edollacha - REACT 2020","isPartOf":{"@id":"https:\/\/react2020.eu\/#website"},"datePublished":"2020-12-07T12:09:47+00:00","dateModified":"2021-01-17T17:03:46+00:00","breadcrumb":{"@id":"https:\/\/react2020.eu\/ga\/tearmai-agus-coinniollacha\/#breadcrumb"},"inLanguage":"ga-IE","potentialAction":[{"@type":"ReadAction","target":["https:\/\/react2020.eu\/ga\/tearmai-agus-coinniollacha\/"]}]},{"@type":"BreadcrumbList","@id":"https:\/\/react2020.eu\/ga\/tearmai-agus-coinniollacha\/#breadcrumb","itemListElement":[{"@type":"ListItem","position":1,"name":"Portada","item":"https:\/\/react2020.eu\/"},{"@type":"ListItem","position":2,"name":"T\u00e9arma\u00ed agus coinn\u00edollacha"}]},{"@type":"WebSite","@id":"https:\/\/react2020.eu\/#website","url":"https:\/\/react2020.eu\/","name":"REACT 2020","description":"REACT 2020 \u2013 Renewable Energy for Self-Sustainable Island Communties","publisher":{"@id":"https:\/\/react2020.eu\/#organization"},"potentialAction":[{"@type":"SearchAction","target":{"@type":"EntryPoint","urlTemplate":"https:\/\/react2020.eu\/?s={search_term_string}"},"query-input":{"@type":"PropertyValueSpecification","valueRequired":true,"valueName":"search_term_string"}}],"inLanguage":"ga-IE"},{"@type":"Organization","@id":"https:\/\/react2020.eu\/#organization","name":"REACT 2020","url":"https:\/\/react2020.eu\/","logo":{"@type":"ImageObject","inLanguage":"ga-IE","@id":"https:\/\/react2020.eu\/#\/schema\/logo\/image\/","url":"https:\/\/react2020.eu\/wp-content\/uploads\/sites\/5\/2019\/07\/1.-REACT_Logo-horizontal_Color_RGB_2.png","contentUrl":"https:\/\/react2020.eu\/wp-content\/uploads\/sites\/5\/2019\/07\/1.-REACT_Logo-horizontal_Color_RGB_2.png","width":1643,"height":419,"caption":"REACT 2020"},"image":{"@id":"https:\/\/react2020.eu\/#\/schema\/logo\/image\/"}}]}},"_links":{"self":[{"href":"https:\/\/react2020.eu\/ga\/wp-json\/wp\/v2\/pages\/22801","targetHints":{"allow":["GET"]}}],"collection":[{"href":"https:\/\/react2020.eu\/ga\/wp-json\/wp\/v2\/pages"}],"about":[{"href":"https:\/\/react2020.eu\/ga\/wp-json\/wp\/v2\/types\/page"}],"author":[{"embeddable":true,"href":"https:\/\/react2020.eu\/ga\/wp-json\/wp\/v2\/users\/1"}],"replies":[{"embeddable":true,"href":"https:\/\/react2020.eu\/ga\/wp-json\/wp\/v2\/comments?post=22801"}],"version-history":[{"count":0,"href":"https:\/\/react2020.eu\/ga\/wp-json\/wp\/v2\/pages\/22801\/revisions"}],"wp:attachment":[{"href":"https:\/\/react2020.eu\/ga\/wp-json\/wp\/v2\/media?parent=22801"}],"curies":[{"name":"wp","href":"https:\/\/api.w.org\/{rel}","templated":true}]}}