{"id":22755,"date":"2020-12-04T12:50:26","date_gmt":"2020-12-04T12:50:26","guid":{"rendered":"https:\/\/react2020.publishing.comet.technology\/teicneolaiocht\/"},"modified":"2021-01-21T19:48:01","modified_gmt":"2021-01-21T19:48:01","slug":"teicneolaiocht","status":"publish","type":"page","link":"https:\/\/react2020.eu\/ga\/teicneolaiocht\/","title":{"rendered":"Teicneola\u00edocht"},"content":{"rendered":"\t\t<div data-elementor-type=\"wp-page\" data-elementor-id=\"22755\" class=\"elementor elementor-22755 elementor-141\" data-elementor-post-type=\"page\">\n\t\t\t\t\t\t<section class=\"elementor-section elementor-top-section elementor-element elementor-element-fa8936f elementor-section-boxed elementor-section-height-default elementor-section-height-default\" data-id=\"fa8936f\" data-element_type=\"section\" data-e-type=\"section\" data-settings=\"{&quot;background_background&quot;:&quot;classic&quot;}\">\n\t\t\t\t\t\t<div class=\"elementor-container elementor-column-gap-default\">\n\t\t\t\t\t<div class=\"elementor-column elementor-col-100 elementor-top-column elementor-element elementor-element-414d821\" data-id=\"414d821\" data-element_type=\"column\" data-e-type=\"column\" data-settings=\"{&quot;background_background&quot;:&quot;classic&quot;}\">\n\t\t\t<div class=\"elementor-widget-wrap elementor-element-populated\">\n\t\t\t\t\t\t<div class=\"elementor-element elementor-element-dcc0fee elementor-widget elementor-widget-heading\" data-id=\"dcc0fee\" data-element_type=\"widget\" data-e-type=\"widget\" data-widget_type=\"heading.default\">\n\t\t\t\t<div class=\"elementor-widget-container\">\n\t\t\t\t\t<h2 class=\"elementor-heading-title elementor-size-default\">EANGACH CHLISTE CHOMHTHATHAITHE AGUS DHIGITITHE <\/h2>\t\t\t\t<\/div>\n\t\t\t\t<\/div>\n\t\t\t\t<div class=\"elementor-element elementor-element-cf2b853 elementor-widget elementor-widget-text-editor\" data-id=\"cf2b853\" data-element_type=\"widget\" data-e-type=\"widget\" data-widget_type=\"text-editor.default\">\n\t\t\t\t<div class=\"elementor-widget-container\">\n\t\t\t\t\t\t\t\t\t<p>R\u00e9iteach ICT scamall-bhunaithe a chomhth\u00e1tha\u00edonn teicneola\u00edochta\u00ed gini\u00fana d\u00e1ilte ard-sol\u00fabthachta, freagairt \u00e9ilimh agus st\u00f3r\u00e1il fuinnimh chun uathriail fuinnimh ionchasach 100% a shol\u00e1thar.<\/p>\n\t\t\t\t\t\t\t\t<\/div>\n\t\t\t\t<\/div>\n\t\t\t\t<div class=\"elementor-element elementor-element-24a711e elementor-widget elementor-widget-text-editor\" data-id=\"24a711e\" data-element_type=\"widget\" data-e-type=\"widget\" data-widget_type=\"text-editor.default\">\n\t\t\t\t<div class=\"elementor-widget-container\">\n\t\t\t\t\t\t\t\t\t<p>D\u00e9anfaidh REACT eolas a fuarthas \u00f3 ghn\u00edomha\u00edochta\u00ed T&amp;F roimhe seo a chomhth\u00e1th\u00fa le teicneola\u00edochta\u00ed at\u00e1 ar f\u00e1il go tr\u00e1cht\u00e1la chun r\u00e9iteach inmharthana a dh\u00e9anamh a laghd\u00f3idh asta\u00edochta\u00ed GHG, a oirfidh do riachtanais fuinnimh agus a bheidh \u00e9asca a mhacasamhl\u00fa ar fud phobal oile\u00e1in an AE.<\/p>\n\t\t\t\t\t\t\t\t<\/div>\n\t\t\t\t<\/div>\n\t\t\t\t\t<\/div>\n\t\t<\/div>\n\t\t\t\t\t<\/div>\n\t\t<\/section>\n\t\t\t\t<section class=\"elementor-section elementor-top-section elementor-element elementor-element-3d4fbb6 elementor-section-boxed elementor-section-height-default elementor-section-height-default\" data-id=\"3d4fbb6\" data-element_type=\"section\" data-e-type=\"section\" data-settings=\"{&quot;background_background&quot;:&quot;classic&quot;}\">\n\t\t\t\t\t\t<div class=\"elementor-container elementor-column-gap-default\">\n\t\t\t\t\t<div class=\"elementor-column elementor-col-50 elementor-top-column elementor-element elementor-element-6c1beda\" data-id=\"6c1beda\" data-element_type=\"column\" data-e-type=\"column\">\n\t\t\t<div class=\"elementor-widget-wrap elementor-element-populated\">\n\t\t\t\t\t\t<div class=\"elementor-element elementor-element-224034b elementor-widget elementor-widget-heading\" data-id=\"224034b\" data-element_type=\"widget\" data-e-type=\"widget\" data-widget_type=\"heading.default\">\n\t\t\t\t<div class=\"elementor-widget-container\">\n\t\t\t\t\t<h2 class=\"elementor-heading-title elementor-size-default\">Sain-theicneola\u00edochta\u00ed Nu\u00e1la\u00edocha<\/h2>\t\t\t\t<\/div>\n\t\t\t\t<\/div>\n\t\t\t\t<div class=\"elementor-element elementor-element-5db2def elementor-widget elementor-widget-text-editor\" data-id=\"5db2def\" data-element_type=\"widget\" data-e-type=\"widget\" data-widget_type=\"text-editor.default\">\n\t\t\t\t<div class=\"elementor-widget-container\">\n\t\t\t\t\t\t\t\t\t<p>&#8230;. Cur chuige ioml\u00e1na\u00edoch maidir le gn\u00edomhartha spriocdh\u00edrithe um rial\u00fa seolta fuinnimh (uathoibrithe agus l\u00e1imhe) &#8211; Ard\u00e1n DR le haghaidh bainist\u00edochta sol\u00fabthachta ar leibh\u00e9al an phobail (uathoibrithe agus l\u00e1imhe) &#8211; Uirlis\u00ed meas\u00fanaithe acmhainn\u00ed RES in \u00e9ineacht le modhanna anail\u00edse cinnt\u00ed ilchrit\u00e9ar (MCDA) d\u2019fhorbairt fuinnimh r\u00e9igi\u00fanach comhth\u00e1ite chun an roghn\u00fa agus an toise is fearr is f\u00e9idir A bhaint as teicneola\u00edochta\u00ed RES. &#8211; Gini\u00faint f\u00edor-ama agus r\u00e9amhaisn\u00e9is ualaigh don chothrom\u00fa eanga\u00ed is fearr &#8211; St\u00f3r\u00e1il fuinnimh: Cadhnra\u00ed litiam-ian agus al\u00famanam-charb\u00f3in ardchumais at\u00e1 neamhdh\u00edobh\u00e1lach don chomhshaol a \u00fas\u00e1id agus Cadhnra\u00ed luaidhe-aic\u00edd traidisi\u00fanta agus rial\u00e1ilte le comhla agus r\u00e9itigh cumhachta-go-g\u00e1s. &#8211; Caid\u00e9il teasa nu\u00e1lacha agus c\u00f3rais PV le bainisti\u00fa ag leibh\u00e9al an phobail &#8211; Monat\u00f3ireacht fheabhsaithe ar oibri\u00fa eangacha chun sainaithint, log\u00e1n\u00fa teipeanna eanga\u00ed le linn oibr\u00edochta\u00ed a dh\u00e9anamh i gc\u00e1s tre\u00e1 agus St\u00f3r\u00e1il ard-uaineach RES isteach in eangach fuinnimh an oile\u00e1in.<\/p>\n\t\t\t\t\t\t\t\t<\/div>\n\t\t\t\t<\/div>\n\t\t\t\t<div class=\"elementor-element elementor-element-0cd7957 elementor-widget elementor-widget-image\" data-id=\"0cd7957\" data-element_type=\"widget\" data-e-type=\"widget\" data-widget_type=\"image.default\">\n\t\t\t\t<div class=\"elementor-widget-container\">\n\t\t\t\t\t\t\t\t\t\t\t\t\t\t\t<img fetchpriority=\"high\" decoding=\"async\" width=\"512\" height=\"512\" src=\"https:\/\/react2020.eu\/wp-content\/uploads\/sites\/5\/2020\/07\/renewable-energy.png\" class=\"attachment-large size-large wp-image-22961\" alt=\"\" srcset=\"https:\/\/react2020.eu\/wp-content\/uploads\/sites\/5\/2020\/07\/renewable-energy.png 512w, https:\/\/react2020.eu\/wp-content\/uploads\/sites\/5\/2020\/07\/renewable-energy-300x300.png 300w, https:\/\/react2020.eu\/wp-content\/uploads\/sites\/5\/2020\/07\/renewable-energy-150x150.png 150w\" sizes=\"(max-width: 512px) 100vw, 512px\" \/>\t\t\t\t\t\t\t\t\t\t\t\t\t\t\t<\/div>\n\t\t\t\t<\/div>\n\t\t\t\t\t<\/div>\n\t\t<\/div>\n\t\t\t\t<div class=\"elementor-column elementor-col-50 elementor-top-column elementor-element elementor-element-0966994\" data-id=\"0966994\" data-element_type=\"column\" data-e-type=\"column\">\n\t\t\t<div class=\"elementor-widget-wrap elementor-element-populated\">\n\t\t\t\t\t\t<div class=\"elementor-element elementor-element-d686e96 elementor-widget elementor-widget-heading\" data-id=\"d686e96\" data-element_type=\"widget\" data-e-type=\"widget\" data-widget_type=\"heading.default\">\n\t\t\t\t<div class=\"elementor-widget-container\">\n\t\t\t\t\t<h2 class=\"elementor-heading-title elementor-size-default\">Comhth\u00e1th\u00fa teicneola\u00edochta<\/h2>\t\t\t\t<\/div>\n\t\t\t\t<\/div>\n\t\t\t\t<div class=\"elementor-element elementor-element-ac508b3 elementor-widget elementor-widget-text-editor\" data-id=\"ac508b3\" data-element_type=\"widget\" data-e-type=\"widget\" data-widget_type=\"text-editor.default\">\n\t\t\t\t<div class=\"elementor-widget-container\">\n\t\t\t\t\t\t\t\t\t<p>Cumas\u00f3idh ard\u00e1n scamall-bhunaithe REACT comhth\u00e1th\u00fa \u00e9asca le bonneagair bunaithe ar RES \/ st\u00f3r\u00e1il ag baint \u00fas\u00e1ide as strait\u00e9is phlean\u00e1la, rialaithe agus monat\u00f3ireachta ioml\u00e1na\u00edoch a uasmh\u00e9ada\u00edonn saothr\u00fa RES. &#8211; T\u00e1st\u00e1il saotharlainne crua-earra\u00ed-sa-l\u00fab (HiL) chun t\u00e1st\u00e1il agus meast\u00f3ireacht a dh\u00e9anamh gar do dh\u00e1la\u00ed f\u00edorshaoil sula nd\u00e9antar iad a imscaradh i nd\u00e1ir\u00edre.\u00a0\u00a0\u00a0\u00a0\u00a0\u00a0\u00a0\u00a0\u00a0\u00a0 -Algartam comhth\u00e1ite d\u2019optam\u00f3ir fuinnimh a chomhcheangla\u00edonn barrfheabhs\u00fa f\u00edor-ama ar thaobh sol\u00e1thar fuinnimh agus \u00e9ilimh il-iompr\u00f3ra den bhonneagar fuinnimh sprice ar leibh\u00e9al an teaghlaigh, an fhoirgnimh n\u00f3 an cheantair.<\/p>\n\t\t\t\t\t\t\t\t<\/div>\n\t\t\t\t<\/div>\n\t\t\t\t<div class=\"elementor-element elementor-element-1b02528 elementor-widget elementor-widget-heading\" data-id=\"1b02528\" data-element_type=\"widget\" data-e-type=\"widget\" data-widget_type=\"heading.default\">\n\t\t\t\t<div class=\"elementor-widget-container\">\n\t\t\t\t\t<h2 class=\"elementor-heading-title elementor-size-default\">Sineirg\u00ed nua<\/h2>\t\t\t\t<\/div>\n\t\t\t\t<\/div>\n\t\t\t\t<div class=\"elementor-element elementor-element-a895efa elementor-widget elementor-widget-text-editor\" data-id=\"a895efa\" data-element_type=\"widget\" data-e-type=\"widget\" data-widget_type=\"text-editor.default\">\n\t\t\t\t<div class=\"elementor-widget-container\">\n\t\t\t\t\t\t\t\t\t<p>\u00das\u00e1idfidh REACT s\u00f3cmhainn\u00ed teicneola\u00edochta f\u00edor in \u00e9ineacht le saineolas na bp\u00e1irtn\u00e9ir\u00ed i samhalt\u00fa r\u00edomhaireacht\u00fail agus insamhalta c\u00f3rais fhisici\u00fala chun cuntas a thabhairt ar na heangacha at\u00e1 ann cheana ag l\u00e1ithre\u00e1in taispe\u00e1na. Tabharfar aird ar an idirghn\u00edomha\u00edocht le st\u00e1isi\u00fain luchtaithe EV, at\u00e1 ag \u00e9ir\u00ed coitianta in oile\u00e1in bheaga agus mhe\u00e1nmh\u00e9ide. Chomh maith leis sin, breithneofar ar \u00fas\u00e1id d\u00edshalann\u00fa uisce mar chine\u00e1l st\u00f3r\u00e1la fuinnimh agus mar chomhth\u00e1th\u00fa leis an gc\u00f3ras uisce.<\/p>\n\t\t\t\t\t\t\t\t<\/div>\n\t\t\t\t<\/div>\n\t\t\t\t<div class=\"elementor-element elementor-element-7d08046 elementor-widget elementor-widget-heading\" data-id=\"7d08046\" data-element_type=\"widget\" data-e-type=\"widget\" data-widget_type=\"heading.default\">\n\t\t\t\t<div class=\"elementor-widget-container\">\n\t\t\t\t\t<h2 class=\"elementor-heading-title elementor-size-default\">Rannph\u00e1irt\u00edocht \u00das\u00e1ideoir\u00ed &amp; Samhlacha Gn\u00f3<\/h2>\t\t\t\t<\/div>\n\t\t\t\t<\/div>\n\t\t\t\t<div class=\"elementor-element elementor-element-248dc3c elementor-widget elementor-widget-text-editor\" data-id=\"248dc3c\" data-element_type=\"widget\" data-e-type=\"widget\" data-widget_type=\"text-editor.default\">\n\t\t\t\t<div class=\"elementor-widget-container\">\n\t\t\t\t\t\t\t\t\t<p>D\u00e9anfaidh REACT pobal an oile\u00e1in a mhealladh agus a bheith p\u00e1irteach i ngn\u00edomha\u00edochta\u00ed laghdaithe \u00e9ilimh agus aistrithe ama a ard\u00f3idh a bhfeasacht agus a ligfidh d\u00f3ibh a bheith ina gcuid ghn\u00edomhach den strait\u00e9is chomhoibritheach. Ar an l\u00e1imh eile, forbr\u00f3far agus \u00fas\u00e1idfear samhlacha gn\u00f3 nu\u00e1lacha agus pleananna saothraithe chun tre\u00e1 RES a mh\u00e9ad\u00fa, \u00eddi\u00fa breosla iontaise a laghd\u00fa, macasamhl\u00fa ar mh\u00f3rsc\u00e1la a chead\u00fa agus uathriail d\u2019oile\u00e1in a fheabhs\u00fa agus cur le sl\u00e1nd\u00e1il fuinnimh na hEorpa agus an bealach a r\u00e9iteach do dh\u00fashl\u00e1in rial\u00e1la agus dl\u00ed.<\/p>\n\t\t\t\t\t\t\t\t<\/div>\n\t\t\t\t<\/div>\n\t\t\t\t\t<\/div>\n\t\t<\/div>\n\t\t\t\t\t<\/div>\n\t\t<\/section>\n\t\t\t\t<section class=\"elementor-section elementor-top-section elementor-element elementor-element-9bf5ee8 elementor-section-full_width elementor-section-height-default elementor-section-height-default\" data-id=\"9bf5ee8\" data-element_type=\"section\" data-e-type=\"section\">\n\t\t\t\t\t\t<div class=\"elementor-container elementor-column-gap-default\">\n\t\t\t\t\t<div class=\"elementor-column elementor-col-100 elementor-top-column elementor-element elementor-element-dd29934\" data-id=\"dd29934\" data-element_type=\"column\" data-e-type=\"column\">\n\t\t\t<div class=\"elementor-widget-wrap elementor-element-populated\">\n\t\t\t\t\t\t<div class=\"elementor-element elementor-element-7f08115 elementor-widget elementor-widget-image\" data-id=\"7f08115\" data-element_type=\"widget\" data-e-type=\"widget\" data-widget_type=\"image.default\">\n\t\t\t\t<div class=\"elementor-widget-container\">\n\t\t\t\t\t\t\t\t\t\t\t\t\t\t\t<img decoding=\"async\" width=\"1920\" height=\"1080\" src=\"https:\/\/react2020.eu\/wp-content\/uploads\/sites\/5\/2021\/01\/React_technology_EN-1.jpg\" class=\"attachment-full size-full wp-image-23904\" alt=\"\" srcset=\"https:\/\/react2020.eu\/wp-content\/uploads\/sites\/5\/2021\/01\/React_technology_EN-1.jpg 1920w, https:\/\/react2020.eu\/wp-content\/uploads\/sites\/5\/2021\/01\/React_technology_EN-1-300x169.jpg 300w, https:\/\/react2020.eu\/wp-content\/uploads\/sites\/5\/2021\/01\/React_technology_EN-1-1024x576.jpg 1024w, https:\/\/react2020.eu\/wp-content\/uploads\/sites\/5\/2021\/01\/React_technology_EN-1-768x432.jpg 768w, https:\/\/react2020.eu\/wp-content\/uploads\/sites\/5\/2021\/01\/React_technology_EN-1-1536x864.jpg 1536w\" sizes=\"(max-width: 1920px) 100vw, 1920px\" \/>\t\t\t\t\t\t\t\t\t\t\t\t\t\t\t<\/div>\n\t\t\t\t<\/div>\n\t\t\t\t\t<\/div>\n\t\t<\/div>\n\t\t\t\t\t<\/div>\n\t\t<\/section>\n\t\t\t\t<\/div>\n\t\t","protected":false},"excerpt":{"rendered":"<p>EANGACH CHLISTE CHOMHTHATHAITHE AGUS DHIGITITHE R\u00e9iteach ICT scamall-bhunaithe a chomhth\u00e1tha\u00edonn teicneola\u00edochta\u00ed gini\u00fana d\u00e1ilte ard-sol\u00fabthachta, freagairt \u00e9ilimh agus st\u00f3r\u00e1il fuinnimh chun uathriail fuinnimh ionchasach 100% a shol\u00e1thar. D\u00e9anfaidh REACT eolas a fuarthas \u00f3 ghn\u00edomha\u00edochta\u00ed T&amp;F roimhe seo a chomhth\u00e1th\u00fa le teicneola\u00edochta\u00ed at\u00e1 ar f\u00e1il go tr\u00e1cht\u00e1la chun r\u00e9iteach inmharthana a dh\u00e9anamh a laghd\u00f3idh asta\u00edochta\u00ed GHG, a &#8230; <a title=\"Teicneola\u00edocht\" class=\"read-more\" href=\"https:\/\/react2020.eu\/ga\/teicneolaiocht\/\" aria-label=\"Read more about Teicneola\u00edocht\">Read more<\/a><\/p>\n","protected":false},"author":1,"featured_media":0,"parent":0,"menu_order":0,"comment_status":"closed","ping_status":"closed","template":"elementor_header_footer","meta":{"inline_featured_image":false,"footnotes":""},"class_list":["post-22755","page","type-page","status-publish"],"yoast_head":"<!-- This site is optimized with the Yoast SEO plugin v27.5 - https:\/\/yoast.com\/product\/yoast-seo-wordpress\/ -->\n<title>Teicneola\u00edocht - REACT 2020<\/title>\n<meta name=\"robots\" content=\"index, follow, max-snippet:-1, max-image-preview:large, max-video-preview:-1\" \/>\n<link rel=\"canonical\" href=\"https:\/\/react2020.eu\/ga\/teicneolaiocht\/\" \/>\n<meta property=\"og:locale\" content=\"ga_IE\" \/>\n<meta property=\"og:type\" content=\"article\" \/>\n<meta property=\"og:title\" content=\"Teicneola\u00edocht - REACT 2020\" \/>\n<meta property=\"og:description\" content=\"EANGACH CHLISTE CHOMHTHATHAITHE AGUS DHIGITITHE R\u00e9iteach ICT scamall-bhunaithe a chomhth\u00e1tha\u00edonn teicneola\u00edochta\u00ed gini\u00fana d\u00e1ilte ard-sol\u00fabthachta, freagairt \u00e9ilimh agus st\u00f3r\u00e1il fuinnimh chun uathriail fuinnimh ionchasach 100% a shol\u00e1thar. D\u00e9anfaidh REACT eolas a fuarthas \u00f3 ghn\u00edomha\u00edochta\u00ed T&amp;F roimhe seo a chomhth\u00e1th\u00fa le teicneola\u00edochta\u00ed at\u00e1 ar f\u00e1il go tr\u00e1cht\u00e1la chun r\u00e9iteach inmharthana a dh\u00e9anamh a laghd\u00f3idh asta\u00edochta\u00ed GHG, a ... Read more\" \/>\n<meta property=\"og:url\" content=\"https:\/\/react2020.eu\/ga\/teicneolaiocht\/\" \/>\n<meta property=\"og:site_name\" content=\"REACT 2020\" \/>\n<meta property=\"article:modified_time\" content=\"2021-01-21T19:48:01+00:00\" \/>\n<meta property=\"og:image\" content=\"https:\/\/react2020.eu\/wp-content\/uploads\/sites\/5\/2020\/07\/renewable-energy.png\" \/>\n<meta name=\"twitter:card\" content=\"summary_large_image\" \/>\n<meta name=\"twitter:label1\" content=\"Est. reading time\" \/>\n\t<meta name=\"twitter:data1\" content=\"3 minutes\" \/>\n<script type=\"application\/ld+json\" class=\"yoast-schema-graph\">{\"@context\":\"https:\\\/\\\/schema.org\",\"@graph\":[{\"@type\":\"WebPage\",\"@id\":\"https:\\\/\\\/react2020.eu\\\/ga\\\/teicneolaiocht\\\/\",\"url\":\"https:\\\/\\\/react2020.eu\\\/ga\\\/teicneolaiocht\\\/\",\"name\":\"Teicneola\u00edocht - REACT 2020\",\"isPartOf\":{\"@id\":\"https:\\\/\\\/react2020.eu\\\/#website\"},\"primaryImageOfPage\":{\"@id\":\"https:\\\/\\\/react2020.eu\\\/ga\\\/teicneolaiocht\\\/#primaryimage\"},\"image\":{\"@id\":\"https:\\\/\\\/react2020.eu\\\/ga\\\/teicneolaiocht\\\/#primaryimage\"},\"thumbnailUrl\":\"https:\\\/\\\/react2020.eu\\\/wp-content\\\/uploads\\\/sites\\\/5\\\/2020\\\/07\\\/renewable-energy.png\",\"datePublished\":\"2020-12-04T12:50:26+00:00\",\"dateModified\":\"2021-01-21T19:48:01+00:00\",\"breadcrumb\":{\"@id\":\"https:\\\/\\\/react2020.eu\\\/ga\\\/teicneolaiocht\\\/#breadcrumb\"},\"inLanguage\":\"ga-IE\",\"potentialAction\":[{\"@type\":\"ReadAction\",\"target\":[\"https:\\\/\\\/react2020.eu\\\/ga\\\/teicneolaiocht\\\/\"]}]},{\"@type\":\"ImageObject\",\"inLanguage\":\"ga-IE\",\"@id\":\"https:\\\/\\\/react2020.eu\\\/ga\\\/teicneolaiocht\\\/#primaryimage\",\"url\":\"https:\\\/\\\/react2020.eu\\\/wp-content\\\/uploads\\\/sites\\\/5\\\/2020\\\/07\\\/renewable-energy.png\",\"contentUrl\":\"https:\\\/\\\/react2020.eu\\\/wp-content\\\/uploads\\\/sites\\\/5\\\/2020\\\/07\\\/renewable-energy.png\"},{\"@type\":\"BreadcrumbList\",\"@id\":\"https:\\\/\\\/react2020.eu\\\/ga\\\/teicneolaiocht\\\/#breadcrumb\",\"itemListElement\":[{\"@type\":\"ListItem\",\"position\":1,\"name\":\"Portada\",\"item\":\"https:\\\/\\\/react2020.eu\\\/\"},{\"@type\":\"ListItem\",\"position\":2,\"name\":\"Teicneola\u00edocht\"}]},{\"@type\":\"WebSite\",\"@id\":\"https:\\\/\\\/react2020.eu\\\/#website\",\"url\":\"https:\\\/\\\/react2020.eu\\\/\",\"name\":\"REACT 2020\",\"description\":\"REACT 2020 \u2013 Renewable Energy for Self-Sustainable Island Communties\",\"publisher\":{\"@id\":\"https:\\\/\\\/react2020.eu\\\/#organization\"},\"potentialAction\":[{\"@type\":\"SearchAction\",\"target\":{\"@type\":\"EntryPoint\",\"urlTemplate\":\"https:\\\/\\\/react2020.eu\\\/?s={search_term_string}\"},\"query-input\":{\"@type\":\"PropertyValueSpecification\",\"valueRequired\":true,\"valueName\":\"search_term_string\"}}],\"inLanguage\":\"ga-IE\"},{\"@type\":\"Organization\",\"@id\":\"https:\\\/\\\/react2020.eu\\\/#organization\",\"name\":\"REACT 2020\",\"url\":\"https:\\\/\\\/react2020.eu\\\/\",\"logo\":{\"@type\":\"ImageObject\",\"inLanguage\":\"ga-IE\",\"@id\":\"https:\\\/\\\/react2020.eu\\\/#\\\/schema\\\/logo\\\/image\\\/\",\"url\":\"https:\\\/\\\/react2020.eu\\\/wp-content\\\/uploads\\\/sites\\\/5\\\/2019\\\/07\\\/1.-REACT_Logo-horizontal_Color_RGB_2.png\",\"contentUrl\":\"https:\\\/\\\/react2020.eu\\\/wp-content\\\/uploads\\\/sites\\\/5\\\/2019\\\/07\\\/1.-REACT_Logo-horizontal_Color_RGB_2.png\",\"width\":1643,\"height\":419,\"caption\":\"REACT 2020\"},\"image\":{\"@id\":\"https:\\\/\\\/react2020.eu\\\/#\\\/schema\\\/logo\\\/image\\\/\"}}]}<\/script>\n<!-- \/ Yoast SEO plugin. -->","yoast_head_json":{"title":"Teicneola\u00edocht - REACT 2020","robots":{"index":"index","follow":"follow","max-snippet":"max-snippet:-1","max-image-preview":"max-image-preview:large","max-video-preview":"max-video-preview:-1"},"canonical":"https:\/\/react2020.eu\/ga\/teicneolaiocht\/","og_locale":"ga_IE","og_type":"article","og_title":"Teicneola\u00edocht - REACT 2020","og_description":"EANGACH CHLISTE CHOMHTHATHAITHE AGUS DHIGITITHE R\u00e9iteach ICT scamall-bhunaithe a chomhth\u00e1tha\u00edonn teicneola\u00edochta\u00ed gini\u00fana d\u00e1ilte ard-sol\u00fabthachta, freagairt \u00e9ilimh agus st\u00f3r\u00e1il fuinnimh chun uathriail fuinnimh ionchasach 100% a shol\u00e1thar. D\u00e9anfaidh REACT eolas a fuarthas \u00f3 ghn\u00edomha\u00edochta\u00ed T&amp;F roimhe seo a chomhth\u00e1th\u00fa le teicneola\u00edochta\u00ed at\u00e1 ar f\u00e1il go tr\u00e1cht\u00e1la chun r\u00e9iteach inmharthana a dh\u00e9anamh a laghd\u00f3idh asta\u00edochta\u00ed GHG, a ... Read more","og_url":"https:\/\/react2020.eu\/ga\/teicneolaiocht\/","og_site_name":"REACT 2020","article_modified_time":"2021-01-21T19:48:01+00:00","og_image":[{"url":"https:\/\/react2020.eu\/wp-content\/uploads\/sites\/5\/2020\/07\/renewable-energy.png","type":"","width":"","height":""}],"twitter_card":"summary_large_image","twitter_misc":{"Est. reading time":"3 minutes"},"schema":{"@context":"https:\/\/schema.org","@graph":[{"@type":"WebPage","@id":"https:\/\/react2020.eu\/ga\/teicneolaiocht\/","url":"https:\/\/react2020.eu\/ga\/teicneolaiocht\/","name":"Teicneola\u00edocht - REACT 2020","isPartOf":{"@id":"https:\/\/react2020.eu\/#website"},"primaryImageOfPage":{"@id":"https:\/\/react2020.eu\/ga\/teicneolaiocht\/#primaryimage"},"image":{"@id":"https:\/\/react2020.eu\/ga\/teicneolaiocht\/#primaryimage"},"thumbnailUrl":"https:\/\/react2020.eu\/wp-content\/uploads\/sites\/5\/2020\/07\/renewable-energy.png","datePublished":"2020-12-04T12:50:26+00:00","dateModified":"2021-01-21T19:48:01+00:00","breadcrumb":{"@id":"https:\/\/react2020.eu\/ga\/teicneolaiocht\/#breadcrumb"},"inLanguage":"ga-IE","potentialAction":[{"@type":"ReadAction","target":["https:\/\/react2020.eu\/ga\/teicneolaiocht\/"]}]},{"@type":"ImageObject","inLanguage":"ga-IE","@id":"https:\/\/react2020.eu\/ga\/teicneolaiocht\/#primaryimage","url":"https:\/\/react2020.eu\/wp-content\/uploads\/sites\/5\/2020\/07\/renewable-energy.png","contentUrl":"https:\/\/react2020.eu\/wp-content\/uploads\/sites\/5\/2020\/07\/renewable-energy.png"},{"@type":"BreadcrumbList","@id":"https:\/\/react2020.eu\/ga\/teicneolaiocht\/#breadcrumb","itemListElement":[{"@type":"ListItem","position":1,"name":"Portada","item":"https:\/\/react2020.eu\/"},{"@type":"ListItem","position":2,"name":"Teicneola\u00edocht"}]},{"@type":"WebSite","@id":"https:\/\/react2020.eu\/#website","url":"https:\/\/react2020.eu\/","name":"REACT 2020","description":"REACT 2020 \u2013 Renewable Energy for Self-Sustainable Island Communties","publisher":{"@id":"https:\/\/react2020.eu\/#organization"},"potentialAction":[{"@type":"SearchAction","target":{"@type":"EntryPoint","urlTemplate":"https:\/\/react2020.eu\/?s={search_term_string}"},"query-input":{"@type":"PropertyValueSpecification","valueRequired":true,"valueName":"search_term_string"}}],"inLanguage":"ga-IE"},{"@type":"Organization","@id":"https:\/\/react2020.eu\/#organization","name":"REACT 2020","url":"https:\/\/react2020.eu\/","logo":{"@type":"ImageObject","inLanguage":"ga-IE","@id":"https:\/\/react2020.eu\/#\/schema\/logo\/image\/","url":"https:\/\/react2020.eu\/wp-content\/uploads\/sites\/5\/2019\/07\/1.-REACT_Logo-horizontal_Color_RGB_2.png","contentUrl":"https:\/\/react2020.eu\/wp-content\/uploads\/sites\/5\/2019\/07\/1.-REACT_Logo-horizontal_Color_RGB_2.png","width":1643,"height":419,"caption":"REACT 2020"},"image":{"@id":"https:\/\/react2020.eu\/#\/schema\/logo\/image\/"}}]}},"_links":{"self":[{"href":"https:\/\/react2020.eu\/ga\/wp-json\/wp\/v2\/pages\/22755","targetHints":{"allow":["GET"]}}],"collection":[{"href":"https:\/\/react2020.eu\/ga\/wp-json\/wp\/v2\/pages"}],"about":[{"href":"https:\/\/react2020.eu\/ga\/wp-json\/wp\/v2\/types\/page"}],"author":[{"embeddable":true,"href":"https:\/\/react2020.eu\/ga\/wp-json\/wp\/v2\/users\/1"}],"replies":[{"embeddable":true,"href":"https:\/\/react2020.eu\/ga\/wp-json\/wp\/v2\/comments?post=22755"}],"version-history":[{"count":0,"href":"https:\/\/react2020.eu\/ga\/wp-json\/wp\/v2\/pages\/22755\/revisions"}],"wp:attachment":[{"href":"https:\/\/react2020.eu\/ga\/wp-json\/wp\/v2\/media?parent=22755"}],"curies":[{"name":"wp","href":"https:\/\/api.w.org\/{rel}","templated":true}]}}