{"id":22817,"date":"2020-12-07T12:11:42","date_gmt":"2020-12-07T12:11:42","guid":{"rendered":"https:\/\/react2020.publishing.comet.technology\/politica-de-privacidad\/"},"modified":"2021-01-17T17:07:45","modified_gmt":"2021-01-17T17:07:45","slug":"politica-de-privacidad","status":"publish","type":"page","link":"https:\/\/react2020.eu\/es\/politica-de-privacidad\/","title":{"rendered":"Pol\u00edtica de privacidad"},"content":{"rendered":"\t\t<div data-elementor-type=\"wp-page\" data-elementor-id=\"22817\" class=\"elementor elementor-22817 elementor-21516\" data-elementor-post-type=\"page\">\n\t\t\t\t\t\t<section class=\"elementor-section elementor-top-section elementor-element elementor-element-3af9c70 elementor-section-boxed elementor-section-height-default elementor-section-height-default\" data-id=\"3af9c70\" data-element_type=\"section\" data-e-type=\"section\" data-settings=\"{&quot;background_background&quot;:&quot;classic&quot;}\">\n\t\t\t\t\t\t<div class=\"elementor-container elementor-column-gap-default\">\n\t\t\t\t\t<div class=\"elementor-column elementor-col-100 elementor-top-column elementor-element elementor-element-c4ca0a2\" data-id=\"c4ca0a2\" data-element_type=\"column\" data-e-type=\"column\">\n\t\t\t<div class=\"elementor-widget-wrap elementor-element-populated\">\n\t\t\t\t\t\t<div class=\"elementor-element elementor-element-0083085 elementor-widget elementor-widget-heading\" data-id=\"0083085\" data-element_type=\"widget\" data-e-type=\"widget\" data-widget_type=\"heading.default\">\n\t\t\t\t<div class=\"elementor-widget-container\">\n\t\t\t\t\t<h2 class=\"elementor-heading-title elementor-size-default\">Pol\u00edtica de privacidad<\/h2>\t\t\t\t<\/div>\n\t\t\t\t<\/div>\n\t\t\t\t\t<\/div>\n\t\t<\/div>\n\t\t\t\t\t<\/div>\n\t\t<\/section>\n\t\t\t\t<section class=\"elementor-section elementor-top-section elementor-element elementor-element-2ec20bc elementor-section-boxed elementor-section-height-default elementor-section-height-default\" data-id=\"2ec20bc\" data-element_type=\"section\" data-e-type=\"section\">\n\t\t\t\t\t\t<div class=\"elementor-container elementor-column-gap-default\">\n\t\t\t\t\t<div class=\"elementor-column elementor-col-100 elementor-top-column elementor-element elementor-element-471167c\" data-id=\"471167c\" data-element_type=\"column\" data-e-type=\"column\">\n\t\t\t<div class=\"elementor-widget-wrap elementor-element-populated\">\n\t\t\t\t\t\t<div class=\"elementor-element elementor-element-bd2744c elementor-widget elementor-widget-text-editor\" data-id=\"bd2744c\" data-element_type=\"widget\" data-e-type=\"widget\" data-widget_type=\"text-editor.default\">\n\t\t\t\t<div class=\"elementor-widget-container\">\n\t\t\t\t\t\t\t\t\t<p>De acuerdo con la normativa actual sobre protecci\u00f3n de datos en la UE, en esta pol\u00edtica de privacidad le informamos de:<br \/>\n\u2022 Qui\u00e9n es responsable para el procesamiento de sus datos: presentaci\u00f3n e identificaci\u00f3n del CONTROLLER.<br \/>\n\u2022 Aceptaci\u00f3n de las condiciones generales de uso del espacio web.<br \/>\n\u2022 Qu\u00e9 datos recogemos.<br \/>\n\u2022 Prop\u00f3sito.<br \/>\n\u2022 C\u00f3mo y d\u00f3nde se comparte la informaci\u00f3n.<br \/>\n\u2022 Seguridad de sus datos.<br \/>\n\u2022 Derechos y acceso a la informaci\u00f3n.<br \/>\n\u2022 Cambios en la pol\u00edtica de privacidad.<br \/>\nEl uso de este espacio web est\u00e1 regulado por sus condiciones generales de uso; por favor, l\u00e9alas cuidadosamente ya que el acceso a este espacio web y su uso implican la plena aceptaci\u00f3n de las mismas.<\/p>\n<p><strong>\u00bfQui\u00e9n es el responsable del procesamiento de sus datos?<\/strong><br \/>\nProyecto de Investigaci\u00f3n REACT, financiado por la UE bajo el acuerdo de subvenci\u00f3n No. 824395.<br \/>\nE-mail: info@react2020.eu<br \/>\nEl proyectos est\u00e1 coordinado por VEOLIA SERVEIS CATALUNYA SOCIEDAD ANONIMA UNIPERSONAL (VEO), (https:\/\/veolia.es\/) con domicilio en PLAZA DE EUROPA 5-7, L\u2019HOSPITALET DE LLOBREGAT 08908, Espa\u00f1a, y CIF: ESA58295031, de ahora en adelante el CONTROLLER.<br \/>\nA trav\u00e9s de este espacio web, el CONTROLLER desea informarle sobre las actividades y servicios del proyecto REACT. El CONTROLLER puede, en funci\u00f3n del desarrollo y progreso de la compa\u00f1\u00eda y del sector, extender su p\u00e1gina web para incluir nuevos servicios, actividades y contenidos, para mejorar los servicios proporcionados y su calidad. Por el contrario, el CONTROLLER tambi\u00e9n se reserva el derecho a cancelar, modificar, sustituir o restringir los contenidos, servicios o actividades, expresamente y sin aviso anticipado a los usuarios.<\/p>\n<p><strong>\u00bfQu\u00e9 datos recogemos?<\/strong><br \/>\nFicheros de contacto y newsletter<br \/>\nRecogemos los datos de identificaci\u00f3n de los usuarios y visitantes al espacio web que desean obtener informaci\u00f3n de contacto (nombre, direcci\u00f3n de correo electr\u00f3nico) y se registran para recibir informaci\u00f3n a trav\u00e9s de una newsletter (nombre y direcci\u00f3n de correo electr\u00f3nico).<br \/>\nComentarios<br \/>\nCuando los visitantes dejan comentarios en el espacio web, nosotros recogemos los datos que se muestran en el formulario de comentarios, y tambi\u00e9n la direcci\u00f3n IP del visitante y la cadena del usuario del navegador para ayudar a la detecci\u00f3n de spam.<br \/>\nUna cadena an\u00f3nima creada por su direcci\u00f3n de correo electr\u00f3nico (tambi\u00e9n llamada hash) puede ser proporcionada al servicio Gravatar para comprobar si usted la est\u00e1 utilizando. El servicio Gravatar de pol\u00edtica de privacidad est\u00e1 disponible en: https:\/\/automattic.com\/privacy\/. Despu\u00e9s de aprobar su comentario, su perfil estar\u00e1 visible p\u00fablicamente en el contexto de su comentario.<br \/>\nMedios de comunicaci\u00f3n<br \/>\nSi usted carga im\u00e1genes en el espacio web, debe evitar im\u00e1genes que incluyan datos incrustados de localizaci\u00f3n (EXIF GPS). Los visitantes al espacio web pueden descargar y extraer cualquier dato de localizaci\u00f3n de las im\u00e1genes del espacio web.<br \/>\nCookies<br \/>\nSi usted deja un comentario en nuestro espacio, puede optar a dejar grabado su nombre, direcci\u00f3n de correo electr\u00f3nico y p\u00e1gina web en las cookies. \u00c9stas se encuentran aqu\u00ed para su conveniencia de no tener que rellenar nuevamente sus datos cuando deje otro comentario. Estas cookies permanecer\u00e1n durante un a\u00f1o.<br \/>\nSi usted tiene una cuenta y entra en este espacio, estableceremos una cookie temporal para determinar si su navegador acepta cookies. Esta cookie no contiene datos personales y se descarta autom\u00e1ticamente cuando se cierra su navegador.<br \/>\nCuando usted entra, tambi\u00e9n hemos establecido ciertas cookies para guardar su informaci\u00f3n de entrada y sus elecciones de la pantalla. Las cookies de entrada permanecen durante dos d\u00edas y las cookies de las opciones de pantalla durante un a\u00f1o. Si usted selecciona \u201cRecu\u00e9rdamelo\u201d, sus datos de entrada permanecer\u00e1n durante dos semanas. Si usted sale de su cuenta, las cookies de entrada ser\u00e1n eliminadas.<br \/>\nSi usted edita o publica un art\u00edculo, una cookie adicional ser\u00e1 guardada en su navegador. Esta cookie no incluye datos personales y simplemente indica la identificaci\u00f3n del art\u00edculo que acaba de editar. Expira despu\u00e9s de un d\u00eda.<br \/>\nContenido incrustado de otras p\u00e1ginas web<br \/>\nLos art\u00edculos de este espacio pueden contener contenido incrustado (v\u00eddeos, im\u00e1genes, art\u00edculos, etc.). El contenido incrustado de otras p\u00e1ginas web se comporta de la misma manera a como si el visitante hubiera visitado esas otras p\u00e1ginas.<br \/>\nEstos espacios web pueden recoger datos sobre usted, el uso de cookies, incrustar seguimientos adicionales de terceras partes y monitorear su interacci\u00f3n con ese contenido incrustado, incluyendo trazas de su interacci\u00f3n con el contenido incrustado si usted tiene una cuenta y est\u00e1 dentro de ese espacio web.<br \/>\nAnal\u00edticas<br \/>\nGoogle Analytics es un servicio de anal\u00edticas proporcionado por Google, LLC. que utiliza cookies para ayudar a analizar la forma en la que los usuarios utilizan el espacio web.<\/p>\n<p><strong>\u00bfC\u00f3mo y d\u00f3nde se comparte su informaci\u00f3n?<\/strong><br \/>\nEl proyecto REACT asegura la confidencialidad de los datos proporcionados y garantiza que no se transferir\u00e1n a terceras partes en ning\u00fan caso.<br \/>\nLos datos personales que usted proporcione cuando complete los formularios se incorporan a nuestra base de datos y se utilizan solamente para el procesamiento de sus peticiones y\/o enviarle informaci\u00f3n sobre nuestros servicios si usted lo ha requerido.<br \/>\nPara proporcionar los servicios estrictamente necesarios para el desarrollo de la actividad, el proyecto REACT comparte datos con los siguientes proveedores de servicios bajo sus respectivas condiciones de privacidad:<br \/>\nGoogle Analytics: es un servicio web de anal\u00edticas proporcionado por Google, LLC. que utiliza cookies, en forma de ficheros de texto instalados en su ordenador, para ayudar a analizar la forma en la que los usuarios utilizan el espacio web (ver nuestra pol\u00edtica de cookies).<br \/>\nLos comentarios de los visitantes pueden ser comprobados a braves de un servicio autom\u00e1tico de detecci\u00f3n de spam.<br \/>\nEl proyecto REACT no comparte sus datos con el servidor o proveedores de contenidos.<\/p>\n<p><strong>\u00bfCu\u00e1nto tiempo retenemos sus datos?<\/strong><br \/>\nLos datos personales proporcionados ser\u00e1n retenidos tanto tiempo como no haya una petici\u00f3n de borrado por parte del asunto de los datos o como lo indique la legislaci\u00f3n aplicable.<br \/>\nSi usted deja un comentario, el comentario y sus metadata son retenidos indefinidamente. Esto es as\u00ed para que podamos reconocer y aprobar cualquier seguimiento de los comentarios autom\u00e1ticamente en lugar de almacenarlos en una secuencia controlada.<br \/>\nPara los usuarios que se registren en nuestro espacio web, tambi\u00e9n almacenamos la informaci\u00f3n personal que nos proporcionen en su perfil de usuario. Todos los usuarios pueden ver, editar o borrar su informaci\u00f3n personal en cualquier momento (con la excepci\u00f3n de cambio de su nombre de usuario). Los administradores del espacio web tambi\u00e9n pueden ver y editar esta informaci\u00f3n.<\/p>\n<p><strong>Seguridad de sus datos<\/strong><br \/>\nEl proyecto REACT confiere una gran importancia a la seguridad de toda la informaci\u00f3n de identificaci\u00f3n de personas de nuestros usuarios. Sin embargo, no puede garantizar la absoluta inexpugnabilidad de Internet.<br \/>\nNuestro espacio web puede contener links a y desde otros espacios web. Si usted accede a estas p\u00e1ginas, por favor tenga en cuenta que se le puede requerir informaci\u00f3n o datos personales en las mismas. Nosotros, por ello, recomendamos que cuando visite estas p\u00e1ginas, revise su pol\u00edtica de privacidad y avisos legales.<\/p>\n<p>Sus derechos y acceso a la informaci\u00f3n<br \/>\nDe acuerdo con la legislaci\u00f3n actual, usted puede tener los siguientes derechos:<br \/>\n\u2022 Derecho al acceso a la informaci\u00f3n que mantenemos sobre sus datos personales.<br \/>\n\u2022 Derecho de rectificaci\u00f3n de sus datos, mediante los cuales actualizaremos la informaci\u00f3n y los datos que poseemos seg\u00fan la informaci\u00f3n que usted nos proporcione.<br \/>\n\u2022 Derecho a la portabilidad de sus datos.<br \/>\n\u2022 Derecho al borrado de sus datos.<br \/>\n\u2022 Derecho a oponerse al procesamiento de sus datos personales.<br \/>\n\u2022 Derecho a presentar una reclamaci\u00f3n ante la autoridad competente de control de protecci\u00f3n de datos.<br \/>\nEn cualquier momento, usted puede pedirnos, sin ning\u00fan coste, bien por carta o bien por correo electr\u00f3nico, ejercitar sus derechos y, si lo hace, usted debe incluir en su comunicaci\u00f3n una fotocopia de su documento nacional de identidad o pasaporte, ya que se trata de un derecho muy personal. Si usted tiene una cuenta en este espacio web, o ha dejado alg\u00fan comentario, usted puede pedir recibir un fichero exportado de los datos personales que tenemos sobre usted, incluyendo cualquier dato que usted nos haya proporcionado. Usted tambi\u00e9n puede requerir que borremos cualquier dato personal que tengamos sobre usted. Esto no incluye cualquier dato que estemos obligados a mantener por motivos administrativos, legales o de seguridad.<br \/>\nSu petici\u00f3n debe enviarse a nuestro oficial de privacidad a la siguiente direcci\u00f3n de correo electr\u00f3nico:<br \/>\nCorreo electr\u00f3nico del proyecto REACT: info@react2020.eu<\/p>\n<p><strong>Cambios en la pol\u00edtica de privacidad<\/strong><br \/>\nEl proyecto REACT se reserva el derecho a modificar su pol\u00edtica de privacidad y tratamiento de datos personales para adaptarlo a la nueva legislaci\u00f3n o a un caso de ley. Recomendamos que la revise cada vez que navegue por nuestro espacio web para estar siempre informados por anticipado de cualquier informaci\u00f3n que usted desee proporcionarnos.<\/p>\n\t\t\t\t\t\t\t\t<\/div>\n\t\t\t\t<\/div>\n\t\t\t\t\t<\/div>\n\t\t<\/div>\n\t\t\t\t\t<\/div>\n\t\t<\/section>\n\t\t\t\t<\/div>\n\t\t","protected":false},"excerpt":{"rendered":"<p>De acuerdo con la normativa actual sobre protecci\u00f3n de datos en la UE, en esta pol\u00edtica de privacidad le informamos de: \u2022 Qui\u00e9n es responsable para el procesamiento de sus datos: presentaci\u00f3n e identificaci\u00f3n del CONTROLLER. \u2022 Aceptaci\u00f3n de las condiciones generales de uso del espacio web. \u2022 Qu\u00e9 datos recogemos. \u2022 Prop\u00f3sito. \u2022 C\u00f3mo &#8230; <a title=\"Pol\u00edtica de privacidad\" class=\"read-more\" href=\"https:\/\/react2020.eu\/es\/politica-de-privacidad\/\" aria-label=\"Leer m\u00e1s sobre Pol\u00edtica de privacidad\">Leer m\u00e1s<\/a><\/p>\n","protected":false},"author":1,"featured_media":0,"parent":0,"menu_order":0,"comment_status":"closed","ping_status":"closed","template":"elementor_header_footer","meta":{"inline_featured_image":false,"footnotes":""},"class_list":["post-22817","page","type-page","status-publish"],"yoast_head":"<!-- This site is optimized with the Yoast SEO plugin v27.5 - https:\/\/yoast.com\/product\/yoast-seo-wordpress\/ -->\n<title>Pol\u00edtica de privacidad - REACT 2020<\/title>\n<meta name=\"robots\" content=\"index, follow, max-snippet:-1, max-image-preview:large, max-video-preview:-1\" \/>\n<link rel=\"canonical\" href=\"https:\/\/react2020.eu\/es\/politica-de-privacidad\/\" \/>\n<meta property=\"og:locale\" content=\"es_ES\" \/>\n<meta property=\"og:type\" content=\"article\" \/>\n<meta property=\"og:title\" content=\"Pol\u00edtica de privacidad - REACT 2020\" \/>\n<meta property=\"og:description\" content=\"De acuerdo con la normativa actual sobre protecci\u00f3n de datos en la UE, en esta pol\u00edtica de privacidad le informamos de: \u2022 Qui\u00e9n es responsable para el procesamiento de sus datos: presentaci\u00f3n e identificaci\u00f3n del CONTROLLER. \u2022 Aceptaci\u00f3n de las condiciones generales de uso del espacio web. \u2022 Qu\u00e9 datos recogemos. \u2022 Prop\u00f3sito. \u2022 C\u00f3mo ... Leer m\u00e1s\" \/>\n<meta property=\"og:url\" content=\"https:\/\/react2020.eu\/es\/politica-de-privacidad\/\" \/>\n<meta property=\"og:site_name\" content=\"REACT 2020\" \/>\n<meta property=\"article:modified_time\" content=\"2021-01-17T17:07:45+00:00\" \/>\n<meta name=\"twitter:card\" content=\"summary_large_image\" \/>\n<meta name=\"twitter:label1\" content=\"Tiempo de lectura\" \/>\n\t<meta name=\"twitter:data1\" content=\"8 minutos\" \/>\n<script type=\"application\/ld+json\" class=\"yoast-schema-graph\">{\"@context\":\"https:\\\/\\\/schema.org\",\"@graph\":[{\"@type\":\"WebPage\",\"@id\":\"https:\\\/\\\/react2020.eu\\\/es\\\/politica-de-privacidad\\\/\",\"url\":\"https:\\\/\\\/react2020.eu\\\/es\\\/politica-de-privacidad\\\/\",\"name\":\"Pol\u00edtica de privacidad - REACT 2020\",\"isPartOf\":{\"@id\":\"https:\\\/\\\/react2020.eu\\\/#website\"},\"datePublished\":\"2020-12-07T12:11:42+00:00\",\"dateModified\":\"2021-01-17T17:07:45+00:00\",\"breadcrumb\":{\"@id\":\"https:\\\/\\\/react2020.eu\\\/es\\\/politica-de-privacidad\\\/#breadcrumb\"},\"inLanguage\":\"es\",\"potentialAction\":[{\"@type\":\"ReadAction\",\"target\":[\"https:\\\/\\\/react2020.eu\\\/es\\\/politica-de-privacidad\\\/\"]}]},{\"@type\":\"BreadcrumbList\",\"@id\":\"https:\\\/\\\/react2020.eu\\\/es\\\/politica-de-privacidad\\\/#breadcrumb\",\"itemListElement\":[{\"@type\":\"ListItem\",\"position\":1,\"name\":\"Portada\",\"item\":\"https:\\\/\\\/react2020.eu\\\/\"},{\"@type\":\"ListItem\",\"position\":2,\"name\":\"Pol\u00edtica de privacidad\"}]},{\"@type\":\"WebSite\",\"@id\":\"https:\\\/\\\/react2020.eu\\\/#website\",\"url\":\"https:\\\/\\\/react2020.eu\\\/\",\"name\":\"REACT 2020\",\"description\":\"REACT 2020 \u2013 Renewable Energy for Self-Sustainable Island Communties\",\"publisher\":{\"@id\":\"https:\\\/\\\/react2020.eu\\\/#organization\"},\"potentialAction\":[{\"@type\":\"SearchAction\",\"target\":{\"@type\":\"EntryPoint\",\"urlTemplate\":\"https:\\\/\\\/react2020.eu\\\/?s={search_term_string}\"},\"query-input\":{\"@type\":\"PropertyValueSpecification\",\"valueRequired\":true,\"valueName\":\"search_term_string\"}}],\"inLanguage\":\"es\"},{\"@type\":\"Organization\",\"@id\":\"https:\\\/\\\/react2020.eu\\\/#organization\",\"name\":\"REACT 2020\",\"url\":\"https:\\\/\\\/react2020.eu\\\/\",\"logo\":{\"@type\":\"ImageObject\",\"inLanguage\":\"es\",\"@id\":\"https:\\\/\\\/react2020.eu\\\/#\\\/schema\\\/logo\\\/image\\\/\",\"url\":\"https:\\\/\\\/react2020.eu\\\/wp-content\\\/uploads\\\/sites\\\/5\\\/2019\\\/07\\\/1.-REACT_Logo-horizontal_Color_RGB_2.png\",\"contentUrl\":\"https:\\\/\\\/react2020.eu\\\/wp-content\\\/uploads\\\/sites\\\/5\\\/2019\\\/07\\\/1.-REACT_Logo-horizontal_Color_RGB_2.png\",\"width\":1643,\"height\":419,\"caption\":\"REACT 2020\"},\"image\":{\"@id\":\"https:\\\/\\\/react2020.eu\\\/#\\\/schema\\\/logo\\\/image\\\/\"}}]}<\/script>\n<!-- \/ Yoast SEO plugin. -->","yoast_head_json":{"title":"Pol\u00edtica de privacidad - REACT 2020","robots":{"index":"index","follow":"follow","max-snippet":"max-snippet:-1","max-image-preview":"max-image-preview:large","max-video-preview":"max-video-preview:-1"},"canonical":"https:\/\/react2020.eu\/es\/politica-de-privacidad\/","og_locale":"es_ES","og_type":"article","og_title":"Pol\u00edtica de privacidad - REACT 2020","og_description":"De acuerdo con la normativa actual sobre protecci\u00f3n de datos en la UE, en esta pol\u00edtica de privacidad le informamos de: \u2022 Qui\u00e9n es responsable para el procesamiento de sus datos: presentaci\u00f3n e identificaci\u00f3n del CONTROLLER. \u2022 Aceptaci\u00f3n de las condiciones generales de uso del espacio web. \u2022 Qu\u00e9 datos recogemos. \u2022 Prop\u00f3sito. \u2022 C\u00f3mo ... Leer m\u00e1s","og_url":"https:\/\/react2020.eu\/es\/politica-de-privacidad\/","og_site_name":"REACT 2020","article_modified_time":"2021-01-17T17:07:45+00:00","twitter_card":"summary_large_image","twitter_misc":{"Tiempo de lectura":"8 minutos"},"schema":{"@context":"https:\/\/schema.org","@graph":[{"@type":"WebPage","@id":"https:\/\/react2020.eu\/es\/politica-de-privacidad\/","url":"https:\/\/react2020.eu\/es\/politica-de-privacidad\/","name":"Pol\u00edtica de privacidad - REACT 2020","isPartOf":{"@id":"https:\/\/react2020.eu\/#website"},"datePublished":"2020-12-07T12:11:42+00:00","dateModified":"2021-01-17T17:07:45+00:00","breadcrumb":{"@id":"https:\/\/react2020.eu\/es\/politica-de-privacidad\/#breadcrumb"},"inLanguage":"es","potentialAction":[{"@type":"ReadAction","target":["https:\/\/react2020.eu\/es\/politica-de-privacidad\/"]}]},{"@type":"BreadcrumbList","@id":"https:\/\/react2020.eu\/es\/politica-de-privacidad\/#breadcrumb","itemListElement":[{"@type":"ListItem","position":1,"name":"Portada","item":"https:\/\/react2020.eu\/"},{"@type":"ListItem","position":2,"name":"Pol\u00edtica de privacidad"}]},{"@type":"WebSite","@id":"https:\/\/react2020.eu\/#website","url":"https:\/\/react2020.eu\/","name":"REACT 2020","description":"REACT 2020 \u2013 Renewable Energy for Self-Sustainable Island Communties","publisher":{"@id":"https:\/\/react2020.eu\/#organization"},"potentialAction":[{"@type":"SearchAction","target":{"@type":"EntryPoint","urlTemplate":"https:\/\/react2020.eu\/?s={search_term_string}"},"query-input":{"@type":"PropertyValueSpecification","valueRequired":true,"valueName":"search_term_string"}}],"inLanguage":"es"},{"@type":"Organization","@id":"https:\/\/react2020.eu\/#organization","name":"REACT 2020","url":"https:\/\/react2020.eu\/","logo":{"@type":"ImageObject","inLanguage":"es","@id":"https:\/\/react2020.eu\/#\/schema\/logo\/image\/","url":"https:\/\/react2020.eu\/wp-content\/uploads\/sites\/5\/2019\/07\/1.-REACT_Logo-horizontal_Color_RGB_2.png","contentUrl":"https:\/\/react2020.eu\/wp-content\/uploads\/sites\/5\/2019\/07\/1.-REACT_Logo-horizontal_Color_RGB_2.png","width":1643,"height":419,"caption":"REACT 2020"},"image":{"@id":"https:\/\/react2020.eu\/#\/schema\/logo\/image\/"}}]}},"_links":{"self":[{"href":"https:\/\/react2020.eu\/es\/wp-json\/wp\/v2\/pages\/22817","targetHints":{"allow":["GET"]}}],"collection":[{"href":"https:\/\/react2020.eu\/es\/wp-json\/wp\/v2\/pages"}],"about":[{"href":"https:\/\/react2020.eu\/es\/wp-json\/wp\/v2\/types\/page"}],"author":[{"embeddable":true,"href":"https:\/\/react2020.eu\/es\/wp-json\/wp\/v2\/users\/1"}],"replies":[{"embeddable":true,"href":"https:\/\/react2020.eu\/es\/wp-json\/wp\/v2\/comments?post=22817"}],"version-history":[{"count":0,"href":"https:\/\/react2020.eu\/es\/wp-json\/wp\/v2\/pages\/22817\/revisions"}],"wp:attachment":[{"href":"https:\/\/react2020.eu\/es\/wp-json\/wp\/v2\/media?parent=22817"}],"curies":[{"name":"wp","href":"https:\/\/api.w.org\/{rel}","templated":true}]}}