{"id":22805,"date":"2020-12-07T12:10:07","date_gmt":"2020-12-07T12:10:07","guid":{"rendered":"https:\/\/react2020.publishing.comet.technology\/terminos-y-condiciones\/"},"modified":"2021-01-17T17:03:52","modified_gmt":"2021-01-17T17:03:52","slug":"terminos-y-condiciones","status":"publish","type":"page","link":"https:\/\/react2020.eu\/es\/terminos-y-condiciones\/","title":{"rendered":"T\u00e9rminos y condiciones"},"content":{"rendered":"\t\t<div data-elementor-type=\"wp-page\" data-elementor-id=\"22805\" class=\"elementor elementor-22805 elementor-21517\" data-elementor-post-type=\"page\">\n\t\t\t\t\t\t<section class=\"elementor-section elementor-top-section elementor-element elementor-element-1fca0aa elementor-section-boxed elementor-section-height-default elementor-section-height-default\" data-id=\"1fca0aa\" data-element_type=\"section\" data-e-type=\"section\" data-settings=\"{&quot;background_background&quot;:&quot;classic&quot;}\">\n\t\t\t\t\t\t<div class=\"elementor-container elementor-column-gap-default\">\n\t\t\t\t\t<div class=\"elementor-column elementor-col-100 elementor-top-column elementor-element elementor-element-40b09e6\" data-id=\"40b09e6\" data-element_type=\"column\" data-e-type=\"column\">\n\t\t\t<div class=\"elementor-widget-wrap elementor-element-populated\">\n\t\t\t\t\t\t<div class=\"elementor-element elementor-element-4f61864 elementor-widget elementor-widget-heading\" data-id=\"4f61864\" data-element_type=\"widget\" data-e-type=\"widget\" data-widget_type=\"heading.default\">\n\t\t\t\t<div class=\"elementor-widget-container\">\n\t\t\t\t\t<h2 class=\"elementor-heading-title elementor-size-default\">T\u00e9rminos y condiciones<\/h2>\t\t\t\t<\/div>\n\t\t\t\t<\/div>\n\t\t\t\t\t<\/div>\n\t\t<\/div>\n\t\t\t\t\t<\/div>\n\t\t<\/section>\n\t\t\t\t<section class=\"elementor-section elementor-top-section elementor-element elementor-element-9c2d904 elementor-section-boxed elementor-section-height-default elementor-section-height-default\" data-id=\"9c2d904\" data-element_type=\"section\" data-e-type=\"section\">\n\t\t\t\t\t\t<div class=\"elementor-container elementor-column-gap-default\">\n\t\t\t\t\t<div class=\"elementor-column elementor-col-100 elementor-top-column elementor-element elementor-element-13a3bb7\" data-id=\"13a3bb7\" data-element_type=\"column\" data-e-type=\"column\">\n\t\t\t<div class=\"elementor-widget-wrap elementor-element-populated\">\n\t\t\t\t\t\t<div class=\"elementor-element elementor-element-507b0b1 elementor-widget elementor-widget-text-editor\" data-id=\"507b0b1\" data-element_type=\"widget\" data-e-type=\"widget\" data-widget_type=\"text-editor.default\">\n\t\t\t\t<div class=\"elementor-widget-container\">\n\t\t\t\t\t\t\t\t\t<p>ASESORAMIENTO LEGAL \u2013 CONDICIONES GENERALES DE USO<br \/>\nUltima modificaci\u00f3n: Julio 2019<br \/>\n1. Presentaci\u00f3n e identificaci\u00f3n del RESPONSABLE<br \/>\nEl proyecto est\u00e1 coordinado por VEOLIA SERVEIS CATALUNYA SOCIEDAD ANONIMA UNIPERSONAL (VEO), (https:\/\/veolia.es\/) con domicilio social en PLAZA DE EUROPA 5-7, L&#8217;HOSPITALET DE LLOBREGAT 08908, Espa\u00f1a, y CIF: ESA58295031, en adelante el RESPONSABLE.<\/p>\n<p>2. Descripci\u00f3n de actividad<br \/>\nA trav\u00e9s de este sitio web, el RESPONSABLE desea informarle sobre las actividades y servicios del proyecto REACT. El RESPONSABLE podr\u00e1, en funci\u00f3n de los progresos y evoluci\u00f3n de la empresa y del sector, ampliar su sitio web para incluir nuevos servicios, actividades o contenidos, con el fin de mejorar los servicios y la calidad del servicio prestado. Por el contrario, el RESPONSABLE tambi\u00e9n se reserva el derecho a cancelar, modificar, sustituir o restringir los contenidos, servicios o actividades, de forma expresa y sin previo aviso a los usuarios.<br \/>\nSi tiene alguna pregunta sobre estas Condiciones Generales, cont\u00e1ctenos en info@react2020.eu<\/p>\n<p>3. Aceptaci\u00f3n de las Condiciones Generales y Uso del sitio web<br \/>\nEl uso de este sitio web est\u00e1 regulado por las siguientes Condiciones Generales de Uso (en adelante las CONDICIONES GENERALES). Por favor, l\u00e9alos atentamente, ya que el acceso a este sitio web y la utilizaci\u00f3n de sus contenidos implica la plena aceptaci\u00f3n de los mismos.<br \/>\nEl acceso a este sitio web y la informaci\u00f3n aqu\u00ed contenida es completamente gratuito, sin perjuicio del costo de la conexi\u00f3n telef\u00f3nica y del medio utilizado para establecer la conexi\u00f3n.<br \/>\nNo obstante, en este sitio web puede encontrar los diferentes servicios que se ofrecen poni\u00e9ndose en contacto con el RESPONSABLE; el cual ser\u00e1 provisto de acuerdo a las Condiciones Particulares acordadas entre las partes (en adelante las CONDICIONES ESPEC\u00cdFICAS).<br \/>\nLe informamos que, para poder acceder a la informaci\u00f3n del sitio web, no necesitamos sus datos personales. No obstante, en el caso de que realices una consulta online o realices alg\u00fan tr\u00e1mite relacionado con los servicios ofrecidos o solicites alguno de los servicios espec\u00edficos que se ofrecen a trav\u00e9s del sitio web, ser\u00e1 necesario recabar tus datos personales y, en este caso, te pedimos leer atentamente nuestra POL\u00cdTICA DE PRIVACIDAD (https:\/\/react2020.eu\/privacy-policy\/), que tambi\u00e9n debe ser le\u00edda, comprendida y aceptada.<br \/>\nAl aceptar este contrato, declaras:<br \/>\na. Que es mayor de edad y \/ o tiene capacidad para contratar, de acuerdo con las leyes generales de contrataci\u00f3n del Estado donde reside.<br \/>\nb. Que ha le\u00eddo, comprendido y aceptado previamente las CONDICIONES GENERALES, la POL\u00cdTICA DE PRIVACIDAD y, en su caso, las CONDICIONES ESPEC\u00cdFICAS.<\/p>\n<p>4. Cambios en las CONDICIONES GENERALES<br \/>\nLa informaci\u00f3n en este sitio web y los servicios ofrecidos cambian y se desarrollan continuamente para brindar la mejor experiencia y valor posibles.<br \/>\nCuando se modifique algo que implique un cambio en las CONDICIONES GENERALES, las CONDICIONES ESPEC\u00cdFICAS y \/ o la POL\u00cdTICA DE PRIVACIDAD, se realizar\u00e1 dicha alteraci\u00f3n, que ser\u00e1 publicada y actualizada. Por tanto, se recomienda leerlos todos peri\u00f3dicamente y \/ o, sobre todo, antes de concluir cualquier contrato.<br \/>\nLas CONDICIONES GENERALES, CONDICIONES ESPEC\u00cdFICAS y \/ o POL\u00cdTICA DE PRIVACIDAD actualizadas estar\u00e1n disponibles en este sitio web en todo momento.<br \/>\nEl USUARIO de este sitio web aceptar\u00e1 dichas alteraciones desde el momento en que contin\u00fae utilizando el sitio web y \/ o los servicios prestados.<\/p>\n<p>5. Obligaciones esenciales del USUARIO<br \/>\nTodo USUARIO, desde el momento en que comienza a utilizar el sitio web y \/ o contrata alguno de los servicios ofrecidos en el mismo, est\u00e1 obligado a cumplir con las siguientes obligaciones esenciales frente a terceros y el RESPONSABLE:<br \/>\na. Utilizar el sitio web sin incurrir en acciones il\u00edcitas o ilegales, o contrarias a lo dispuesto en las CONDICIONES GENERALES, la POL\u00cdTICA DE PRIVACIDAD y, en su caso, las CONDICIONES ESPEC\u00cdFICAS y sus actualizaciones.<br \/>\nb. No da\u00f1ar, inutilizar, sobrecargar o deteriorar el sitio web o impedir su uso o disfrute normal.<br \/>\nc. No realizar ning\u00fan intento de vulnerar los niveles de acceso, manipular datos, duplicar y exportar datos o informaci\u00f3n protegida por propiedad intelectual u otros derechos legales, acceder a \u00e1reas restringidas de los sistemas inform\u00e1ticos del RESPONSABLE o de terceros, introducir programas, virus o cualquier otro dispositivo. que provoque o pueda producir cambios en el sistema inform\u00e1tico del RESPONSABLE o de terceros.<br \/>\nd. Conocer los requisitos t\u00e9cnicos y legales necesarios para el correcto acceso a este sitio web y, en su caso, la contrataci\u00f3n de los productos y \/ o servicios; lo que puede implicar la descarga de ciertos programas inform\u00e1ticos u otros elementos l\u00f3gicos en sus dispositivos inform\u00e1ticos.<br \/>\ne. No utilizar, enlazar, divulgar, asignar o transferir a terceros de cualquier forma, los contenidos publicados en el sitio web o parte del mismo, o en la informaci\u00f3n del RESPONSABLE, sin la previa autorizaci\u00f3n expresa y por escrito del RESPONSABLE.<br \/>\nF. No da\u00f1ar la imagen del RESPONSABLE de ninguna forma, ni realizar ninguna actividad o hacer alg\u00fan comentario que pueda da\u00f1ar la imagen y buen nombre de alguno de los socios del proyecto.<br \/>\ng. Leer, comprender y, si est\u00e1 de acuerdo, aceptar las CONDICIONES GENERALES, la POL\u00cdTICA DE PRIVACIDAD y, en su caso, las CONDICIONES ESPEC\u00cdFICAS y sus actualizaciones y, m\u00e1s concretamente, la POL\u00cdTICA DE ENLACES Y \/ O COOKIES del RESPONSABLE.<\/p>\n<p>6. Propiedad intelectual<br \/>\nEste sitio web, sus contenidos y sus logotipos est\u00e1n protegidos por la E.U. y leyes internacionales de propiedad intelectual e industrial. La reproducci\u00f3n, distribuci\u00f3n, comunicaci\u00f3n, transformaci\u00f3n y \/ o divulgaci\u00f3n p\u00fablica y, en general, cualquier otra forma de uso no autorizado, por cualquier medio, de la totalidad o parte de los contenidos de este sitio web, su dise\u00f1o, selecci\u00f3n y presentaci\u00f3n de los materiales incluidos. aqu\u00ed est\u00e1 prohibido; lo mismo ocurre con las marcas y nombres comerciales incluidos en este sitio web. Dichas actuaciones s\u00f3lo podr\u00e1n realizarse con la previa autorizaci\u00f3n expresa y por escrito del RESPONSABLE y siempre que se haga referencia expl\u00edcita a la titularidad por parte del RESPONSABLE de los derechos de propiedad intelectual e industrial mencionados anteriormente.<br \/>\nPor el uso del sitio web y \/ o la contrataci\u00f3n de los servicios, el USUARIO no adquiere ning\u00fan derecho sobre los mismos, simplemente teniendo derecho a utilizarlos de acuerdo con lo dispuesto en estas CONDICIONES GENERALES y \/ o, en su caso, las CONDICIONES ESPEC\u00cdFICAS.<br \/>\nEn el caso de que usted, el USUARIO, detecte alguna actividad que pueda vulnerar alg\u00fan derecho de propiedad intelectual o industrial o cualquier otro tipo de derecho, le rogamos que nos lo comunique enviando un mensaje a la siguiente direcci\u00f3n de correo electr\u00f3nico: info@react2020.eu<\/p>\n\t\t\t\t\t\t\t\t<\/div>\n\t\t\t\t<\/div>\n\t\t\t\t\t<\/div>\n\t\t<\/div>\n\t\t\t\t\t<\/div>\n\t\t<\/section>\n\t\t\t\t<\/div>\n\t\t","protected":false},"excerpt":{"rendered":"<p>ASESORAMIENTO LEGAL \u2013 CONDICIONES GENERALES DE USO Ultima modificaci\u00f3n: Julio 2019 1. Presentaci\u00f3n e identificaci\u00f3n del RESPONSABLE El proyecto est\u00e1 coordinado por VEOLIA SERVEIS CATALUNYA SOCIEDAD ANONIMA UNIPERSONAL (VEO), (https:\/\/veolia.es\/) con domicilio social en PLAZA DE EUROPA 5-7, L&#8217;HOSPITALET DE LLOBREGAT 08908, Espa\u00f1a, y CIF: ESA58295031, en adelante el RESPONSABLE. 2. Descripci\u00f3n de actividad A &#8230; <a title=\"T\u00e9rminos y condiciones\" class=\"read-more\" href=\"https:\/\/react2020.eu\/es\/terminos-y-condiciones\/\" aria-label=\"Leer m\u00e1s sobre T\u00e9rminos y condiciones\">Leer m\u00e1s<\/a><\/p>\n","protected":false},"author":1,"featured_media":0,"parent":0,"menu_order":0,"comment_status":"closed","ping_status":"closed","template":"elementor_header_footer","meta":{"inline_featured_image":false,"footnotes":""},"class_list":["post-22805","page","type-page","status-publish"],"yoast_head":"<!-- This site is optimized with the Yoast SEO plugin v27.5 - https:\/\/yoast.com\/product\/yoast-seo-wordpress\/ -->\n<title>T\u00e9rminos y condiciones - REACT 2020<\/title>\n<meta name=\"robots\" content=\"index, follow, max-snippet:-1, max-image-preview:large, max-video-preview:-1\" \/>\n<link rel=\"canonical\" href=\"https:\/\/react2020.eu\/es\/terminos-y-condiciones\/\" \/>\n<meta property=\"og:locale\" content=\"es_ES\" \/>\n<meta property=\"og:type\" content=\"article\" \/>\n<meta property=\"og:title\" content=\"T\u00e9rminos y condiciones - REACT 2020\" \/>\n<meta property=\"og:description\" content=\"ASESORAMIENTO LEGAL \u2013 CONDICIONES GENERALES DE USO Ultima modificaci\u00f3n: Julio 2019 1. Presentaci\u00f3n e identificaci\u00f3n del RESPONSABLE El proyecto est\u00e1 coordinado por VEOLIA SERVEIS CATALUNYA SOCIEDAD ANONIMA UNIPERSONAL (VEO), (https:\/\/veolia.es\/) con domicilio social en PLAZA DE EUROPA 5-7, L&#8217;HOSPITALET DE LLOBREGAT 08908, Espa\u00f1a, y CIF: ESA58295031, en adelante el RESPONSABLE. 2. Descripci\u00f3n de actividad A ... Leer m\u00e1s\" \/>\n<meta property=\"og:url\" content=\"https:\/\/react2020.eu\/es\/terminos-y-condiciones\/\" \/>\n<meta property=\"og:site_name\" content=\"REACT 2020\" \/>\n<meta property=\"article:modified_time\" content=\"2021-01-17T17:03:52+00:00\" \/>\n<meta name=\"twitter:card\" content=\"summary_large_image\" \/>\n<meta name=\"twitter:label1\" content=\"Tiempo de lectura\" \/>\n\t<meta name=\"twitter:data1\" content=\"6 minutos\" \/>\n<script type=\"application\/ld+json\" class=\"yoast-schema-graph\">{\"@context\":\"https:\\\/\\\/schema.org\",\"@graph\":[{\"@type\":\"WebPage\",\"@id\":\"https:\\\/\\\/react2020.eu\\\/es\\\/terminos-y-condiciones\\\/\",\"url\":\"https:\\\/\\\/react2020.eu\\\/es\\\/terminos-y-condiciones\\\/\",\"name\":\"T\u00e9rminos y condiciones - REACT 2020\",\"isPartOf\":{\"@id\":\"https:\\\/\\\/react2020.eu\\\/#website\"},\"datePublished\":\"2020-12-07T12:10:07+00:00\",\"dateModified\":\"2021-01-17T17:03:52+00:00\",\"breadcrumb\":{\"@id\":\"https:\\\/\\\/react2020.eu\\\/es\\\/terminos-y-condiciones\\\/#breadcrumb\"},\"inLanguage\":\"es\",\"potentialAction\":[{\"@type\":\"ReadAction\",\"target\":[\"https:\\\/\\\/react2020.eu\\\/es\\\/terminos-y-condiciones\\\/\"]}]},{\"@type\":\"BreadcrumbList\",\"@id\":\"https:\\\/\\\/react2020.eu\\\/es\\\/terminos-y-condiciones\\\/#breadcrumb\",\"itemListElement\":[{\"@type\":\"ListItem\",\"position\":1,\"name\":\"Portada\",\"item\":\"https:\\\/\\\/react2020.eu\\\/\"},{\"@type\":\"ListItem\",\"position\":2,\"name\":\"T\u00e9rminos y condiciones\"}]},{\"@type\":\"WebSite\",\"@id\":\"https:\\\/\\\/react2020.eu\\\/#website\",\"url\":\"https:\\\/\\\/react2020.eu\\\/\",\"name\":\"REACT 2020\",\"description\":\"REACT 2020 \u2013 Renewable Energy for Self-Sustainable Island Communties\",\"publisher\":{\"@id\":\"https:\\\/\\\/react2020.eu\\\/#organization\"},\"potentialAction\":[{\"@type\":\"SearchAction\",\"target\":{\"@type\":\"EntryPoint\",\"urlTemplate\":\"https:\\\/\\\/react2020.eu\\\/?s={search_term_string}\"},\"query-input\":{\"@type\":\"PropertyValueSpecification\",\"valueRequired\":true,\"valueName\":\"search_term_string\"}}],\"inLanguage\":\"es\"},{\"@type\":\"Organization\",\"@id\":\"https:\\\/\\\/react2020.eu\\\/#organization\",\"name\":\"REACT 2020\",\"url\":\"https:\\\/\\\/react2020.eu\\\/\",\"logo\":{\"@type\":\"ImageObject\",\"inLanguage\":\"es\",\"@id\":\"https:\\\/\\\/react2020.eu\\\/#\\\/schema\\\/logo\\\/image\\\/\",\"url\":\"https:\\\/\\\/react2020.eu\\\/wp-content\\\/uploads\\\/sites\\\/5\\\/2019\\\/07\\\/1.-REACT_Logo-horizontal_Color_RGB_2.png\",\"contentUrl\":\"https:\\\/\\\/react2020.eu\\\/wp-content\\\/uploads\\\/sites\\\/5\\\/2019\\\/07\\\/1.-REACT_Logo-horizontal_Color_RGB_2.png\",\"width\":1643,\"height\":419,\"caption\":\"REACT 2020\"},\"image\":{\"@id\":\"https:\\\/\\\/react2020.eu\\\/#\\\/schema\\\/logo\\\/image\\\/\"}}]}<\/script>\n<!-- \/ Yoast SEO plugin. -->","yoast_head_json":{"title":"T\u00e9rminos y condiciones - REACT 2020","robots":{"index":"index","follow":"follow","max-snippet":"max-snippet:-1","max-image-preview":"max-image-preview:large","max-video-preview":"max-video-preview:-1"},"canonical":"https:\/\/react2020.eu\/es\/terminos-y-condiciones\/","og_locale":"es_ES","og_type":"article","og_title":"T\u00e9rminos y condiciones - REACT 2020","og_description":"ASESORAMIENTO LEGAL \u2013 CONDICIONES GENERALES DE USO Ultima modificaci\u00f3n: Julio 2019 1. Presentaci\u00f3n e identificaci\u00f3n del RESPONSABLE El proyecto est\u00e1 coordinado por VEOLIA SERVEIS CATALUNYA SOCIEDAD ANONIMA UNIPERSONAL (VEO), (https:\/\/veolia.es\/) con domicilio social en PLAZA DE EUROPA 5-7, L&#8217;HOSPITALET DE LLOBREGAT 08908, Espa\u00f1a, y CIF: ESA58295031, en adelante el RESPONSABLE. 2. Descripci\u00f3n de actividad A ... Leer m\u00e1s","og_url":"https:\/\/react2020.eu\/es\/terminos-y-condiciones\/","og_site_name":"REACT 2020","article_modified_time":"2021-01-17T17:03:52+00:00","twitter_card":"summary_large_image","twitter_misc":{"Tiempo de lectura":"6 minutos"},"schema":{"@context":"https:\/\/schema.org","@graph":[{"@type":"WebPage","@id":"https:\/\/react2020.eu\/es\/terminos-y-condiciones\/","url":"https:\/\/react2020.eu\/es\/terminos-y-condiciones\/","name":"T\u00e9rminos y condiciones - REACT 2020","isPartOf":{"@id":"https:\/\/react2020.eu\/#website"},"datePublished":"2020-12-07T12:10:07+00:00","dateModified":"2021-01-17T17:03:52+00:00","breadcrumb":{"@id":"https:\/\/react2020.eu\/es\/terminos-y-condiciones\/#breadcrumb"},"inLanguage":"es","potentialAction":[{"@type":"ReadAction","target":["https:\/\/react2020.eu\/es\/terminos-y-condiciones\/"]}]},{"@type":"BreadcrumbList","@id":"https:\/\/react2020.eu\/es\/terminos-y-condiciones\/#breadcrumb","itemListElement":[{"@type":"ListItem","position":1,"name":"Portada","item":"https:\/\/react2020.eu\/"},{"@type":"ListItem","position":2,"name":"T\u00e9rminos y condiciones"}]},{"@type":"WebSite","@id":"https:\/\/react2020.eu\/#website","url":"https:\/\/react2020.eu\/","name":"REACT 2020","description":"REACT 2020 \u2013 Renewable Energy for Self-Sustainable Island Communties","publisher":{"@id":"https:\/\/react2020.eu\/#organization"},"potentialAction":[{"@type":"SearchAction","target":{"@type":"EntryPoint","urlTemplate":"https:\/\/react2020.eu\/?s={search_term_string}"},"query-input":{"@type":"PropertyValueSpecification","valueRequired":true,"valueName":"search_term_string"}}],"inLanguage":"es"},{"@type":"Organization","@id":"https:\/\/react2020.eu\/#organization","name":"REACT 2020","url":"https:\/\/react2020.eu\/","logo":{"@type":"ImageObject","inLanguage":"es","@id":"https:\/\/react2020.eu\/#\/schema\/logo\/image\/","url":"https:\/\/react2020.eu\/wp-content\/uploads\/sites\/5\/2019\/07\/1.-REACT_Logo-horizontal_Color_RGB_2.png","contentUrl":"https:\/\/react2020.eu\/wp-content\/uploads\/sites\/5\/2019\/07\/1.-REACT_Logo-horizontal_Color_RGB_2.png","width":1643,"height":419,"caption":"REACT 2020"},"image":{"@id":"https:\/\/react2020.eu\/#\/schema\/logo\/image\/"}}]}},"_links":{"self":[{"href":"https:\/\/react2020.eu\/es\/wp-json\/wp\/v2\/pages\/22805","targetHints":{"allow":["GET"]}}],"collection":[{"href":"https:\/\/react2020.eu\/es\/wp-json\/wp\/v2\/pages"}],"about":[{"href":"https:\/\/react2020.eu\/es\/wp-json\/wp\/v2\/types\/page"}],"author":[{"embeddable":true,"href":"https:\/\/react2020.eu\/es\/wp-json\/wp\/v2\/users\/1"}],"replies":[{"embeddable":true,"href":"https:\/\/react2020.eu\/es\/wp-json\/wp\/v2\/comments?post=22805"}],"version-history":[{"count":0,"href":"https:\/\/react2020.eu\/es\/wp-json\/wp\/v2\/pages\/22805\/revisions"}],"wp:attachment":[{"href":"https:\/\/react2020.eu\/es\/wp-json\/wp\/v2\/media?parent=22805"}],"curies":[{"name":"wp","href":"https:\/\/api.w.org\/{rel}","templated":true}]}}